{"id":9744,"date":"2022-07-22T03:04:59","date_gmt":"2022-07-22T00:04:59","guid":{"rendered":"https:\/\/www.ccmboutique.ro\/?post_type=product&#038;p=9744"},"modified":"2024-02-20T15:59:33","modified_gmt":"2024-02-20T13:59:33","slug":"joella-blue-sport-bra-2","status":"publish","type":"product","link":"https:\/\/www.ccmboutique.ro\/ro\/shop\/joella-blue-sport-bra-2\/","title":{"rendered":"Bustiera Joella"},"content":{"rendered":"","protected":false},"excerpt":{"rendered":"<p>Materiale de calitate superioar\u0103 100%.<\/p>\n<p>\u021aes\u0103turi respirabile, tipare potrivite \u0219i piese colorate.<\/p>\n<p class=\"p1\">Design unic, f\u0103cut pentru a v\u0103 face s\u0103 v\u0103 sim\u021bi\u021bi bine.<\/p>\n<p>Pentru comenzi \u0219i mai multe informa\u021bii, ne pute\u021bi contacta la num\u0103rul de telefon 0040766914884  0040766914901 sau pe paginile noastre de Instagram \u0219i Facebook.<\/p>\n","protected":false},"featured_media":5531919,"comment_status":"closed","ping_status":"closed","template":"","meta":[],"product_cat":[459,457],"product_tag":[],"class_list":["post-9744","product","type-product","status-publish","has-post-thumbnail","hentry","product_cat-bustiere-2","product_cat-fitness-2"],"acf":[],"_links":{"self":[{"href":"https:\/\/www.ccmboutique.ro\/ro\/wp-json\/wp\/v2\/product\/9744","targetHints":{"allow":["GET"]}}],"collection":[{"href":"https:\/\/www.ccmboutique.ro\/ro\/wp-json\/wp\/v2\/product"}],"about":[{"href":"https:\/\/www.ccmboutique.ro\/ro\/wp-json\/wp\/v2\/types\/product"}],"replies":[{"embeddable":true,"href":"https:\/\/www.ccmboutique.ro\/ro\/wp-json\/wp\/v2\/comments?post=9744"}],"version-history":[{"count":1,"href":"https:\/\/www.ccmboutique.ro\/ro\/wp-json\/wp\/v2\/product\/9744\/revisions"}],"predecessor-version":[{"id":5526060,"href":"https:\/\/www.ccmboutique.ro\/ro\/wp-json\/wp\/v2\/product\/9744\/revisions\/5526060"}],"wp:featuredmedia":[{"embeddable":true,"href":"https:\/\/www.ccmboutique.ro\/ro\/wp-json\/wp\/v2\/media\/5531919"}],"wp:attachment":[{"href":"https:\/\/www.ccmboutique.ro\/ro\/wp-json\/wp\/v2\/media?parent=9744"}],"wp:term":[{"taxonomy":"product_cat","embeddable":true,"href":"https:\/\/www.ccmboutique.ro\/ro\/wp-json\/wp\/v2\/product_cat?post=9744"},{"taxonomy":"product_tag","embeddable":true,"href":"https:\/\/www.ccmboutique.ro\/ro\/wp-json\/wp\/v2\/product_tag?post=9744"}],"curies":[{"name":"wp","href":"https:\/\/api.w.org\/{rel}","templated":true}]}}