{"id":8143,"date":"2022-07-06T00:24:19","date_gmt":"2022-07-05T21:24:19","guid":{"rendered":"https:\/\/www.ccmboutique.ro\/?post_type=product&#038;p=8143"},"modified":"2025-11-25T17:03:13","modified_gmt":"2025-11-25T15:03:13","slug":"evy-black-jumpsuit","status":"publish","type":"product","link":"https:\/\/www.ccmboutique.ro\/ro\/shop\/evy-black-jumpsuit\/","title":{"rendered":"Salopeta EVY"},"content":{"rendered":"","protected":false},"excerpt":{"rendered":"<p class=\"p1\">U\u0219or de asortat la diferite \u021binute, cu pantofi sport, platforme, cizme sau sandale cu toc.<\/p>\n<p class=\"p1\">Aceast\u0103 salopet\u0103 este conceput\u0103 pentru a v\u0103 eviden\u021bia formele \u0219i pentru a v\u0103 modela perfect fesele.<\/p>\n<p class=\"p1\">Designul &#8220;Slim Fit&#8221; eviden\u021biaz\u0103 formele taliei \u0219i \u0219oldurilor.<\/p>\n<p class=\"p1\">Pentru orice informa\u021bii suplimentare, v\u0103 st\u0103m la dispozi\u021bie 0040766914884<span class=\"Apple-converted-space\">  <\/span>\/<span class=\"Apple-converted-space\">  <\/span>0040766914901.<\/p>\n","protected":false},"featured_media":5531623,"comment_status":"closed","ping_status":"closed","template":"","meta":[],"product_cat":[457,464],"product_tag":[],"class_list":["post-8143","product","type-product","status-publish","has-post-thumbnail","hentry","product_cat-fitness-2","product_cat-salopete"],"acf":[],"_links":{"self":[{"href":"https:\/\/www.ccmboutique.ro\/ro\/wp-json\/wp\/v2\/product\/8143","targetHints":{"allow":["GET"]}}],"collection":[{"href":"https:\/\/www.ccmboutique.ro\/ro\/wp-json\/wp\/v2\/product"}],"about":[{"href":"https:\/\/www.ccmboutique.ro\/ro\/wp-json\/wp\/v2\/types\/product"}],"replies":[{"embeddable":true,"href":"https:\/\/www.ccmboutique.ro\/ro\/wp-json\/wp\/v2\/comments?post=8143"}],"version-history":[{"count":2,"href":"https:\/\/www.ccmboutique.ro\/ro\/wp-json\/wp\/v2\/product\/8143\/revisions"}],"predecessor-version":[{"id":5542520,"href":"https:\/\/www.ccmboutique.ro\/ro\/wp-json\/wp\/v2\/product\/8143\/revisions\/5542520"}],"wp:featuredmedia":[{"embeddable":true,"href":"https:\/\/www.ccmboutique.ro\/ro\/wp-json\/wp\/v2\/media\/5531623"}],"wp:attachment":[{"href":"https:\/\/www.ccmboutique.ro\/ro\/wp-json\/wp\/v2\/media?parent=8143"}],"wp:term":[{"taxonomy":"product_cat","embeddable":true,"href":"https:\/\/www.ccmboutique.ro\/ro\/wp-json\/wp\/v2\/product_cat?post=8143"},{"taxonomy":"product_tag","embeddable":true,"href":"https:\/\/www.ccmboutique.ro\/ro\/wp-json\/wp\/v2\/product_tag?post=8143"}],"curies":[{"name":"wp","href":"https:\/\/api.w.org\/{rel}","templated":true}]}}