{"id":7815,"date":"2022-06-24T10:57:09","date_gmt":"2022-06-24T07:57:09","guid":{"rendered":"https:\/\/www.ccmboutique.ro\/?post_type=product&#038;p=7815"},"modified":"2024-03-12T18:40:23","modified_gmt":"2024-03-12T16:40:23","slug":"aayra-jacheta-piatra","status":"publish","type":"product","link":"https:\/\/www.ccmboutique.ro\/ro\/shop\/aayra-jacheta-piatra\/","title":{"rendered":"Jacheta AAYRA"},"content":{"rendered":"","protected":false},"excerpt":{"rendered":"<p>Se poate realiza la comanda pe orice masura sau culoare.<\/p>\n<p>Folosim doar materiale \u0219i accesorii de cea mai \u00eenalt\u0103 calitate, \u00eencerc\u00e2nd mereu s\u0103 cre\u0103m idei interesante pentru a face stilul t\u0103u unic, personalizat, calitate premium.<\/p>\n<p>Pentru comenzi si mai multe detalii despre culori, preturi si alte modele personalizate puteti sa scrieti sau sa sunati la 0040766914901<\/p>\n","protected":false},"featured_media":5531433,"comment_status":"closed","ping_status":"closed","template":"","meta":[],"product_cat":[444,453],"product_tag":[],"class_list":["post-7815","product","type-product","status-publish","has-post-thumbnail","hentry","product_cat-femei-2","product_cat-jachete-din-piele-naturala"],"acf":[],"_links":{"self":[{"href":"https:\/\/www.ccmboutique.ro\/ro\/wp-json\/wp\/v2\/product\/7815","targetHints":{"allow":["GET"]}}],"collection":[{"href":"https:\/\/www.ccmboutique.ro\/ro\/wp-json\/wp\/v2\/product"}],"about":[{"href":"https:\/\/www.ccmboutique.ro\/ro\/wp-json\/wp\/v2\/types\/product"}],"replies":[{"embeddable":true,"href":"https:\/\/www.ccmboutique.ro\/ro\/wp-json\/wp\/v2\/comments?post=7815"}],"version-history":[{"count":1,"href":"https:\/\/www.ccmboutique.ro\/ro\/wp-json\/wp\/v2\/product\/7815\/revisions"}],"predecessor-version":[{"id":5525745,"href":"https:\/\/www.ccmboutique.ro\/ro\/wp-json\/wp\/v2\/product\/7815\/revisions\/5525745"}],"wp:featuredmedia":[{"embeddable":true,"href":"https:\/\/www.ccmboutique.ro\/ro\/wp-json\/wp\/v2\/media\/5531433"}],"wp:attachment":[{"href":"https:\/\/www.ccmboutique.ro\/ro\/wp-json\/wp\/v2\/media?parent=7815"}],"wp:term":[{"taxonomy":"product_cat","embeddable":true,"href":"https:\/\/www.ccmboutique.ro\/ro\/wp-json\/wp\/v2\/product_cat?post=7815"},{"taxonomy":"product_tag","embeddable":true,"href":"https:\/\/www.ccmboutique.ro\/ro\/wp-json\/wp\/v2\/product_tag?post=7815"}],"curies":[{"name":"wp","href":"https:\/\/api.w.org\/{rel}","templated":true}]}}