{"id":7461,"date":"2022-05-05T15:30:47","date_gmt":"2022-05-05T12:30:47","guid":{"rendered":"https:\/\/www.ccmboutique.ro\/?post_type=product&#038;p=7461"},"modified":"2024-09-04T20:30:52","modified_gmt":"2024-09-04T17:30:52","slug":"rayno-grey-exotic-leather-jacket","status":"publish","type":"product","link":"https:\/\/www.ccmboutique.ro\/ro\/shop\/rayno-grey-exotic-leather-jacket\/","title":{"rendered":"Jachet\u0103 din piele de piton RAYNO"},"content":{"rendered":"","protected":false},"excerpt":{"rendered":"<p>Aceast\u0103 jachet\u0103 din piele exotic\u0103 este preg\u0103tit\u0103 s\u0103 fie piesa preferat\u0103 a celor care vor s\u0103 fac\u0103 diferen\u021ba. <\/p>\n<p class=\"p1\">Confec\u021bionata din piele de piton de cea mai bun\u0103 calitate, va face orice zi \u00een care o ve\u021bi purta foarte special\u0103.<\/p>\n<p class=\"p1\">Pentru un serviciu de comand\u0103 personalizat \u0219i mai multe detalii ne pute\u021bi contacta la numerele de telefon 0040766914884 \/ 0040766914901 \u0219i ve\u021bi avea produse care vor fi realizate cu minu\u021biozitate pentru dvs.<\/p>\n","protected":false},"featured_media":5531352,"comment_status":"closed","ping_status":"closed","template":"","meta":[],"product_cat":[436,439],"product_tag":[],"class_list":["post-7461","product","type-product","status-publish","has-post-thumbnail","hentry","product_cat-barbati-2","product_cat-jachete-din-piele-de-piton-2"],"acf":[],"_links":{"self":[{"href":"https:\/\/www.ccmboutique.ro\/ro\/wp-json\/wp\/v2\/product\/7461","targetHints":{"allow":["GET"]}}],"collection":[{"href":"https:\/\/www.ccmboutique.ro\/ro\/wp-json\/wp\/v2\/product"}],"about":[{"href":"https:\/\/www.ccmboutique.ro\/ro\/wp-json\/wp\/v2\/types\/product"}],"replies":[{"embeddable":true,"href":"https:\/\/www.ccmboutique.ro\/ro\/wp-json\/wp\/v2\/comments?post=7461"}],"version-history":[{"count":2,"href":"https:\/\/www.ccmboutique.ro\/ro\/wp-json\/wp\/v2\/product\/7461\/revisions"}],"predecessor-version":[{"id":5537809,"href":"https:\/\/www.ccmboutique.ro\/ro\/wp-json\/wp\/v2\/product\/7461\/revisions\/5537809"}],"wp:featuredmedia":[{"embeddable":true,"href":"https:\/\/www.ccmboutique.ro\/ro\/wp-json\/wp\/v2\/media\/5531352"}],"wp:attachment":[{"href":"https:\/\/www.ccmboutique.ro\/ro\/wp-json\/wp\/v2\/media?parent=7461"}],"wp:term":[{"taxonomy":"product_cat","embeddable":true,"href":"https:\/\/www.ccmboutique.ro\/ro\/wp-json\/wp\/v2\/product_cat?post=7461"},{"taxonomy":"product_tag","embeddable":true,"href":"https:\/\/www.ccmboutique.ro\/ro\/wp-json\/wp\/v2\/product_tag?post=7461"}],"curies":[{"name":"wp","href":"https:\/\/api.w.org\/{rel}","templated":true}]}}