{"id":7446,"date":"2022-05-05T15:14:39","date_gmt":"2022-05-05T12:14:39","guid":{"rendered":"https:\/\/www.ccmboutique.ro\/?post_type=product&#038;p=7446"},"modified":"2024-09-04T20:33:06","modified_gmt":"2024-09-04T17:33:06","slug":"ronan-exotic-leather-jacket","status":"publish","type":"product","link":"https:\/\/www.ccmboutique.ro\/ro\/shop\/ronan-exotic-leather-jacket\/","title":{"rendered":"Jacheta din piele de piton RONAN"},"content":{"rendered":"","protected":false},"excerpt":{"rendered":"<p class=\"p1\">Dori\u021bi un plus de unicitate? Ave\u021bi nevoie de un design special?<\/p>\n<p class=\"p1\">V\u0103 pute\u021bi bucura de un serviciu privilegiat de croitorie individual\u0103.<\/p>\n<p class=\"p1\">Combina stilul tau personal cu modelele noastre unice. V\u0103 oferim acest serviciu pentru a ad\u0103uga o not\u0103 personal\u0103 la un articol selectat din designul dvs. preferat.<\/p>\n<p class=\"p1\">V\u0103 rug\u0103m s\u0103 contacta\u021bi echipa noastr\u0103 , iar noi vom da un nou sens valorosului dumneavoastr\u0103 design unic selectat.<\/p>\n<p> Pentru comenzi si mai multe detalii despre culori, preturi si alte modele personalizate ne puteti contacta la nr de tel : 0040766914884 \/ 0040766914901<\/p>\n","protected":false},"featured_media":5531343,"comment_status":"closed","ping_status":"closed","template":"","meta":[],"product_cat":[436,439],"product_tag":[],"class_list":["post-7446","product","type-product","status-publish","has-post-thumbnail","hentry","product_cat-barbati-2","product_cat-jachete-din-piele-de-piton-2"],"acf":[],"_links":{"self":[{"href":"https:\/\/www.ccmboutique.ro\/ro\/wp-json\/wp\/v2\/product\/7446","targetHints":{"allow":["GET"]}}],"collection":[{"href":"https:\/\/www.ccmboutique.ro\/ro\/wp-json\/wp\/v2\/product"}],"about":[{"href":"https:\/\/www.ccmboutique.ro\/ro\/wp-json\/wp\/v2\/types\/product"}],"replies":[{"embeddable":true,"href":"https:\/\/www.ccmboutique.ro\/ro\/wp-json\/wp\/v2\/comments?post=7446"}],"version-history":[{"count":2,"href":"https:\/\/www.ccmboutique.ro\/ro\/wp-json\/wp\/v2\/product\/7446\/revisions"}],"predecessor-version":[{"id":5537810,"href":"https:\/\/www.ccmboutique.ro\/ro\/wp-json\/wp\/v2\/product\/7446\/revisions\/5537810"}],"wp:featuredmedia":[{"embeddable":true,"href":"https:\/\/www.ccmboutique.ro\/ro\/wp-json\/wp\/v2\/media\/5531343"}],"wp:attachment":[{"href":"https:\/\/www.ccmboutique.ro\/ro\/wp-json\/wp\/v2\/media?parent=7446"}],"wp:term":[{"taxonomy":"product_cat","embeddable":true,"href":"https:\/\/www.ccmboutique.ro\/ro\/wp-json\/wp\/v2\/product_cat?post=7446"},{"taxonomy":"product_tag","embeddable":true,"href":"https:\/\/www.ccmboutique.ro\/ro\/wp-json\/wp\/v2\/product_tag?post=7446"}],"curies":[{"name":"wp","href":"https:\/\/api.w.org\/{rel}","templated":true}]}}