{"id":7372,"date":"2022-05-05T13:18:23","date_gmt":"2022-05-05T10:18:23","guid":{"rendered":"https:\/\/www.ccmboutique.ro\/?post_type=product&#038;p=7372"},"modified":"2024-02-20T15:52:38","modified_gmt":"2024-02-20T13:52:38","slug":"jacheta-bomber-nicolo-negru-si-gri","status":"publish","type":"product","link":"https:\/\/www.ccmboutique.ro\/ro\/shop\/jacheta-bomber-nicolo-negru-si-gri\/","title":{"rendered":"Jacheta Bomber NICOLO"},"content":{"rendered":"","protected":false},"excerpt":{"rendered":"<p class=\"p1\">Aceast\u0103 jachet\u0103 bomber are un strat de confort, stil \u0219i practicitate care se potrive\u0219te cu orice \u021binut\u0103 de zi cu zi.<\/p>\n<p class=\"p1\">Decolteul, m\u00e2necile \u0219i talia elastice ofer\u0103 at\u00e2t c\u0103ldur\u0103, c\u00e2t \u0219i suport pentru confort.<\/p>\n<p class=\"p1\">Produc\u021bie personalizat\u0103, special\u0103 ,care v\u0103 va face s\u0103 v\u0103 sim\u021bi\u021bi foarte confortabil.<\/p>\n<p class=\"p1\">Op\u021biuni de design nelimitate.<\/p>\n<p class=\"p1\">Pentru un serviciu de comand\u0103 personalizat \u0219i mai multe detalii ne pute\u021bi contacta la numerele de telefon 0040766914884 \/ 0040766914901 \u0219i ve\u021bi avea produse care vor fi realizate cu meticulozitate pentru dumneavoastr\u0103.<\/p>\n","protected":false},"featured_media":5531334,"comment_status":"closed","ping_status":"closed","template":"","meta":[],"product_cat":[436,439],"product_tag":[],"class_list":["post-7372","product","type-product","status-publish","has-post-thumbnail","hentry","product_cat-barbati-2","product_cat-jachete-din-piele-de-piton-2"],"acf":[],"_links":{"self":[{"href":"https:\/\/www.ccmboutique.ro\/ro\/wp-json\/wp\/v2\/product\/7372","targetHints":{"allow":["GET"]}}],"collection":[{"href":"https:\/\/www.ccmboutique.ro\/ro\/wp-json\/wp\/v2\/product"}],"about":[{"href":"https:\/\/www.ccmboutique.ro\/ro\/wp-json\/wp\/v2\/types\/product"}],"replies":[{"embeddable":true,"href":"https:\/\/www.ccmboutique.ro\/ro\/wp-json\/wp\/v2\/comments?post=7372"}],"version-history":[{"count":1,"href":"https:\/\/www.ccmboutique.ro\/ro\/wp-json\/wp\/v2\/product\/7372\/revisions"}],"predecessor-version":[{"id":5525691,"href":"https:\/\/www.ccmboutique.ro\/ro\/wp-json\/wp\/v2\/product\/7372\/revisions\/5525691"}],"wp:featuredmedia":[{"embeddable":true,"href":"https:\/\/www.ccmboutique.ro\/ro\/wp-json\/wp\/v2\/media\/5531334"}],"wp:attachment":[{"href":"https:\/\/www.ccmboutique.ro\/ro\/wp-json\/wp\/v2\/media?parent=7372"}],"wp:term":[{"taxonomy":"product_cat","embeddable":true,"href":"https:\/\/www.ccmboutique.ro\/ro\/wp-json\/wp\/v2\/product_cat?post=7372"},{"taxonomy":"product_tag","embeddable":true,"href":"https:\/\/www.ccmboutique.ro\/ro\/wp-json\/wp\/v2\/product_tag?post=7372"}],"curies":[{"name":"wp","href":"https:\/\/api.w.org\/{rel}","templated":true}]}}