{"id":7297,"date":"2022-04-25T21:38:24","date_gmt":"2022-04-25T18:38:24","guid":{"rendered":"https:\/\/www.ccmboutique.ro\/?post_type=product&#038;p=7297"},"modified":"2024-10-02T22:20:11","modified_gmt":"2024-10-02T19:20:11","slug":"ferruccio-exotic-leather-cap","status":"publish","type":"product","link":"https:\/\/www.ccmboutique.ro\/ro\/shop\/ferruccio-exotic-leather-cap\/","title":{"rendered":"Sapca Din Piele De Piton\/Ponei Ferruccio"},"content":{"rendered":"","protected":false},"excerpt":{"rendered":"<p>Aceast\u0103 \u0219apc\u0103 din piele exotic\u0103 adaug\u0103 o pozi\u021bie sofisticat\u0103 stilului t\u0103u, de la var\u0103 la iarn\u0103.  <\/p>\n<ul>\n<li>Culoare neagra.<\/li>\n<li>Piele de piton si ponei.<\/li>\n<li>Unisex<\/li>\n<li>Reglabila<\/li>\n<li>Manoper\u0103 de \u00eenalt\u0103 calitate.<\/li>\n<\/ul>\n<p>  Pentru comenzi \u0219i mai multe informa\u021bii, ne pute\u021bi contacta telefonic la 0040766914884 0040766914901 sau pe paginile noastre de Instagram \u0219i Facebook<\/p>\n","protected":false},"featured_media":5531270,"comment_status":"closed","ping_status":"closed","template":"","meta":[],"product_cat":[434,433],"product_tag":[],"class_list":["post-7297","product","type-product","status-publish","has-post-thumbnail","hentry","product_cat-accesorii","product_cat-sepci-din-piele"],"acf":[],"_links":{"self":[{"href":"https:\/\/www.ccmboutique.ro\/ro\/wp-json\/wp\/v2\/product\/7297","targetHints":{"allow":["GET"]}}],"collection":[{"href":"https:\/\/www.ccmboutique.ro\/ro\/wp-json\/wp\/v2\/product"}],"about":[{"href":"https:\/\/www.ccmboutique.ro\/ro\/wp-json\/wp\/v2\/types\/product"}],"replies":[{"embeddable":true,"href":"https:\/\/www.ccmboutique.ro\/ro\/wp-json\/wp\/v2\/comments?post=7297"}],"version-history":[{"count":2,"href":"https:\/\/www.ccmboutique.ro\/ro\/wp-json\/wp\/v2\/product\/7297\/revisions"}],"predecessor-version":[{"id":5538394,"href":"https:\/\/www.ccmboutique.ro\/ro\/wp-json\/wp\/v2\/product\/7297\/revisions\/5538394"}],"wp:featuredmedia":[{"embeddable":true,"href":"https:\/\/www.ccmboutique.ro\/ro\/wp-json\/wp\/v2\/media\/5531270"}],"wp:attachment":[{"href":"https:\/\/www.ccmboutique.ro\/ro\/wp-json\/wp\/v2\/media?parent=7297"}],"wp:term":[{"taxonomy":"product_cat","embeddable":true,"href":"https:\/\/www.ccmboutique.ro\/ro\/wp-json\/wp\/v2\/product_cat?post=7297"},{"taxonomy":"product_tag","embeddable":true,"href":"https:\/\/www.ccmboutique.ro\/ro\/wp-json\/wp\/v2\/product_tag?post=7297"}],"curies":[{"name":"wp","href":"https:\/\/api.w.org\/{rel}","templated":true}]}}