{"id":7285,"date":"2022-04-25T21:29:18","date_gmt":"2022-04-25T18:29:18","guid":{"rendered":"https:\/\/www.ccmboutique.ro\/?post_type=product&#038;p=7285"},"modified":"2024-02-20T15:52:10","modified_gmt":"2024-02-20T13:52:10","slug":"tomaso-exotic-leather-bomber-jacket-2","status":"publish","type":"product","link":"https:\/\/www.ccmboutique.ro\/ro\/shop\/tomaso-exotic-leather-bomber-jacket-2\/","title":{"rendered":"Jacheta Bomber TOMASO"},"content":{"rendered":"","protected":false},"excerpt":{"rendered":"<p class=\"p1\"><span class=\"Apple-converted-space\">Calitatea este \u00eens\u0103\u0219i esen\u021ba unei jachete CCM .<\/span><\/p>\n<p class=\"p1\">Croiala dupa masurile clientului.<\/p>\n<p class=\"p1\">Un model special care v\u0103 va face s\u0103 v\u0103 sim\u021bi\u021bi foarte confortabil.<\/p>\n<p class=\"p1\">Op\u021biuni de design nelimitate.<\/p>\n<p class=\"p1\">Clien\u021bii no\u0219tri, care doresc s\u0103 beneficieze de un serviciu de comand\u0103 personalizat, pot contacta magazinele noastre la numerele de telefon 0040766914884 \/ 0040766914901<span class=\"Apple-converted-space\"> <\/span>\u0219i vor primi produse care vor fi realizate cu meticulozitate pentru ei.<\/p>\n","protected":false},"featured_media":5531255,"comment_status":"closed","ping_status":"closed","template":"","meta":[],"product_cat":[436,439],"product_tag":[],"class_list":["post-7285","product","type-product","status-publish","has-post-thumbnail","hentry","product_cat-barbati-2","product_cat-jachete-din-piele-de-piton-2"],"acf":[],"_links":{"self":[{"href":"https:\/\/www.ccmboutique.ro\/ro\/wp-json\/wp\/v2\/product\/7285","targetHints":{"allow":["GET"]}}],"collection":[{"href":"https:\/\/www.ccmboutique.ro\/ro\/wp-json\/wp\/v2\/product"}],"about":[{"href":"https:\/\/www.ccmboutique.ro\/ro\/wp-json\/wp\/v2\/types\/product"}],"replies":[{"embeddable":true,"href":"https:\/\/www.ccmboutique.ro\/ro\/wp-json\/wp\/v2\/comments?post=7285"}],"version-history":[{"count":1,"href":"https:\/\/www.ccmboutique.ro\/ro\/wp-json\/wp\/v2\/product\/7285\/revisions"}],"predecessor-version":[{"id":5525647,"href":"https:\/\/www.ccmboutique.ro\/ro\/wp-json\/wp\/v2\/product\/7285\/revisions\/5525647"}],"wp:featuredmedia":[{"embeddable":true,"href":"https:\/\/www.ccmboutique.ro\/ro\/wp-json\/wp\/v2\/media\/5531255"}],"wp:attachment":[{"href":"https:\/\/www.ccmboutique.ro\/ro\/wp-json\/wp\/v2\/media?parent=7285"}],"wp:term":[{"taxonomy":"product_cat","embeddable":true,"href":"https:\/\/www.ccmboutique.ro\/ro\/wp-json\/wp\/v2\/product_cat?post=7285"},{"taxonomy":"product_tag","embeddable":true,"href":"https:\/\/www.ccmboutique.ro\/ro\/wp-json\/wp\/v2\/product_tag?post=7285"}],"curies":[{"name":"wp","href":"https:\/\/api.w.org\/{rel}","templated":true}]}}