{"id":6939,"date":"2022-03-28T00:50:13","date_gmt":"2022-03-27T21:50:13","guid":{"rendered":"https:\/\/www.ccmboutique.ro\/?post_type=product&#038;p=6939"},"modified":"2024-02-20T15:50:33","modified_gmt":"2024-02-20T13:50:33","slug":"adalina-jacheta-de-piele-si-blana","status":"publish","type":"product","link":"https:\/\/www.ccmboutique.ro\/ro\/shop\/adalina-jacheta-de-piele-si-blana\/","title":{"rendered":"Jacheta ADALINA"},"content":{"rendered":"","protected":false},"excerpt":{"rendered":"<p>V\u0103 pute\u021bi bucura de un serviciu privilegiat de croitorie individual\u0103. Jachetele vor fi fabricate exclusiv pentru tine: de la modelul potrivit pentru silueta ta p\u00e2n\u0103 la tonul \u0219i textura materialelor. Un produs exclusivist va flata silueta \u0219i va reflecta stilul t\u0103u.<\/p>\n<p>Pentru comenzi si mai multe detalii despre culori , preturi si alte modele personalizate puteti scrie sau suna la 0040766914884 \/ 0040766914901.<\/p>\n","protected":false},"featured_media":7380,"comment_status":"closed","ping_status":"closed","template":"","meta":[],"product_cat":[444,453],"product_tag":[],"class_list":["post-6939","product","type-product","status-publish","has-post-thumbnail","hentry","product_cat-femei-2","product_cat-jachete-din-piele-naturala"],"acf":[],"_links":{"self":[{"href":"https:\/\/www.ccmboutique.ro\/ro\/wp-json\/wp\/v2\/product\/6939","targetHints":{"allow":["GET"]}}],"collection":[{"href":"https:\/\/www.ccmboutique.ro\/ro\/wp-json\/wp\/v2\/product"}],"about":[{"href":"https:\/\/www.ccmboutique.ro\/ro\/wp-json\/wp\/v2\/types\/product"}],"replies":[{"embeddable":true,"href":"https:\/\/www.ccmboutique.ro\/ro\/wp-json\/wp\/v2\/comments?post=6939"}],"version-history":[{"count":1,"href":"https:\/\/www.ccmboutique.ro\/ro\/wp-json\/wp\/v2\/product\/6939\/revisions"}],"predecessor-version":[{"id":5525523,"href":"https:\/\/www.ccmboutique.ro\/ro\/wp-json\/wp\/v2\/product\/6939\/revisions\/5525523"}],"wp:featuredmedia":[{"embeddable":true,"href":"https:\/\/www.ccmboutique.ro\/ro\/wp-json\/wp\/v2\/media\/7380"}],"wp:attachment":[{"href":"https:\/\/www.ccmboutique.ro\/ro\/wp-json\/wp\/v2\/media?parent=6939"}],"wp:term":[{"taxonomy":"product_cat","embeddable":true,"href":"https:\/\/www.ccmboutique.ro\/ro\/wp-json\/wp\/v2\/product_cat?post=6939"},{"taxonomy":"product_tag","embeddable":true,"href":"https:\/\/www.ccmboutique.ro\/ro\/wp-json\/wp\/v2\/product_tag?post=6939"}],"curies":[{"name":"wp","href":"https:\/\/api.w.org\/{rel}","templated":true}]}}