{"id":6761,"date":"2022-03-17T22:53:14","date_gmt":"2022-03-17T20:53:14","guid":{"rendered":"https:\/\/www.ccmboutique.ro\/?post_type=product&#038;p=6761"},"modified":"2024-02-20T15:49:48","modified_gmt":"2024-02-20T13:49:48","slug":"manfredy-exotic-leather-cap-2","status":"publish","type":"product","link":"https:\/\/www.ccmboutique.ro\/ro\/shop\/manfredy-exotic-leather-cap-2\/","title":{"rendered":"Sapca Din Piele De Piton Manfredy"},"content":{"rendered":"","protected":false},"excerpt":{"rendered":"<p>Aceast\u0103 \u0219apc\u0103 adaug\u0103 o pozi\u021bie sofisticat\u0103 stilului t\u0103u, de la var\u0103 la iarn\u0103.<\/p>\n<ul>\n<li>Negru<\/li>\n<li>Python.<\/li>\n<li>Unisex<\/li>\n<li>Reglabil<\/li>\n<li>Manoper\u0103 de \u00eenalt\u0103 calitate.<\/li>\n<\/ul>\n<p>Pentru un serviciu de comenzi personalizate ne pute\u021bi contacta la numerele de telefon 0040766914884 \/ 0040766914901 \u0219i ve\u021bi avea produse care vor fi realizate cu meticulozitate pentru dumneavoastr\u0103.<\/p>\n","protected":false},"featured_media":5530684,"comment_status":"closed","ping_status":"closed","template":"","meta":[],"product_cat":[434,433],"product_tag":[],"class_list":["post-6761","product","type-product","status-publish","has-post-thumbnail","hentry","product_cat-accesorii","product_cat-sepci-din-piele"],"acf":[],"_links":{"self":[{"href":"https:\/\/www.ccmboutique.ro\/ro\/wp-json\/wp\/v2\/product\/6761","targetHints":{"allow":["GET"]}}],"collection":[{"href":"https:\/\/www.ccmboutique.ro\/ro\/wp-json\/wp\/v2\/product"}],"about":[{"href":"https:\/\/www.ccmboutique.ro\/ro\/wp-json\/wp\/v2\/types\/product"}],"replies":[{"embeddable":true,"href":"https:\/\/www.ccmboutique.ro\/ro\/wp-json\/wp\/v2\/comments?post=6761"}],"version-history":[{"count":1,"href":"https:\/\/www.ccmboutique.ro\/ro\/wp-json\/wp\/v2\/product\/6761\/revisions"}],"predecessor-version":[{"id":5525474,"href":"https:\/\/www.ccmboutique.ro\/ro\/wp-json\/wp\/v2\/product\/6761\/revisions\/5525474"}],"wp:featuredmedia":[{"embeddable":true,"href":"https:\/\/www.ccmboutique.ro\/ro\/wp-json\/wp\/v2\/media\/5530684"}],"wp:attachment":[{"href":"https:\/\/www.ccmboutique.ro\/ro\/wp-json\/wp\/v2\/media?parent=6761"}],"wp:term":[{"taxonomy":"product_cat","embeddable":true,"href":"https:\/\/www.ccmboutique.ro\/ro\/wp-json\/wp\/v2\/product_cat?post=6761"},{"taxonomy":"product_tag","embeddable":true,"href":"https:\/\/www.ccmboutique.ro\/ro\/wp-json\/wp\/v2\/product_tag?post=6761"}],"curies":[{"name":"wp","href":"https:\/\/api.w.org\/{rel}","templated":true}]}}