{"id":6741,"date":"2022-03-20T21:57:11","date_gmt":"2022-03-20T19:57:11","guid":{"rendered":"https:\/\/www.ccmboutique.ro\/?post_type=product&#038;p=6741"},"modified":"2025-04-24T21:17:58","modified_gmt":"2025-04-24T18:17:58","slug":"serafina-chinchilla-vestita-blana","status":"publish","type":"product","link":"https:\/\/www.ccmboutique.ro\/ro\/shop\/serafina-chinchilla-vestita-blana\/","title":{"rendered":"Vest\u0103 Din Blana De Chinchilla S\u00e9RAPHINE"},"content":{"rendered":"","protected":false},"excerpt":{"rendered":"<p class=\"p1\">Aceast\u0103 vest\u0103 delicat\u0103 din blan\u0103 de chinchilla, la fel ca pietrele pre\u021bioase , este creat\u0103 pentru ocazii excep\u021bionale, trebuie protejat\u0103 \u0219i \u00eengrijit\u0103 pentru a se bucura de frumuse\u021bea \u0219i str\u0103lucirea ei timp de mul\u021bi ani, modelul are o lungime de 145 de centimetri.<\/p>\n<p class=\"p1\">Bl\u0103nurile naturale, pantofii \u0219i diamantele au fost \u0219i vor fi \u00eentotdeauna prima alegere a femeilor \u00een materie de mod\u0103, iar pasiunea lor pentru mod\u0103 nu dispare niciodat\u0103.<\/p>\n<p class=\"p1\">\u00cen timpul sezonului rece, nimic nu se compar\u0103 cu o blan\u0103 natural\u0103. Principalul motiv pentru care femeile iubesc acest articol de \u00eembr\u0103c\u0103minte este evident &#8211; haina de blan\u0103 este \u00eentotdeauna la mod\u0103, confortabil\u0103 \u0219i cald\u0103.<\/p>\n<p class=\"p1\">At\u00e2ta timp c\u00e2t este p\u0103strata \u00een condi\u021bii adecvate, poate fi purtata timp de zeci de ani \u0219i poate fi transmisa de la o genera\u021bie la alta.<\/p>\n<p class=\"p1\">V\u0103 pute\u021bi bucura de un serviciu privilegiat de croitorie individual\u0103.<\/p>\n<p class=\"p1\">Jachetele vor fi fabricate exclusiv pentru dumneavoastr\u0103: de la modelul potrivit pentru silueta dumneavoastr\u0103 p\u00e2n\u0103 la tonul \u0219i textura.<\/p>\n<p class=\"p1\">Un produs exclusivist va flata silueta \u0219i va reflecta stilul t\u0103u.<\/p>\n<p class=\"p1\">Pentru un serviciu de comand\u0103 personalizat \u0219i mai multe detalii ne pute\u021bi contacta la numerele de telefon 0040766914884 \/ 0040766914901 \u0219i ve\u021bi avea produse care vor fi realizate cu minu\u021biozitate pentru dvs.<\/p>\n","protected":false},"featured_media":5530727,"comment_status":"closed","ping_status":"closed","template":"","meta":[],"product_cat":[443,444,447],"product_tag":[],"class_list":["post-6741","product","type-product","status-publish","has-post-thumbnail","hentry","product_cat-editii-de-lux-2","product_cat-femei-2","product_cat-haine-din-blana-chinchilla-2"],"acf":[],"_links":{"self":[{"href":"https:\/\/www.ccmboutique.ro\/ro\/wp-json\/wp\/v2\/product\/6741","targetHints":{"allow":["GET"]}}],"collection":[{"href":"https:\/\/www.ccmboutique.ro\/ro\/wp-json\/wp\/v2\/product"}],"about":[{"href":"https:\/\/www.ccmboutique.ro\/ro\/wp-json\/wp\/v2\/types\/product"}],"replies":[{"embeddable":true,"href":"https:\/\/www.ccmboutique.ro\/ro\/wp-json\/wp\/v2\/comments?post=6741"}],"version-history":[{"count":3,"href":"https:\/\/www.ccmboutique.ro\/ro\/wp-json\/wp\/v2\/product\/6741\/revisions"}],"predecessor-version":[{"id":5541649,"href":"https:\/\/www.ccmboutique.ro\/ro\/wp-json\/wp\/v2\/product\/6741\/revisions\/5541649"}],"wp:featuredmedia":[{"embeddable":true,"href":"https:\/\/www.ccmboutique.ro\/ro\/wp-json\/wp\/v2\/media\/5530727"}],"wp:attachment":[{"href":"https:\/\/www.ccmboutique.ro\/ro\/wp-json\/wp\/v2\/media?parent=6741"}],"wp:term":[{"taxonomy":"product_cat","embeddable":true,"href":"https:\/\/www.ccmboutique.ro\/ro\/wp-json\/wp\/v2\/product_cat?post=6741"},{"taxonomy":"product_tag","embeddable":true,"href":"https:\/\/www.ccmboutique.ro\/ro\/wp-json\/wp\/v2\/product_tag?post=6741"}],"curies":[{"name":"wp","href":"https:\/\/api.w.org\/{rel}","templated":true}]}}