{"id":6724,"date":"2022-03-20T21:38:06","date_gmt":"2022-03-20T19:38:06","guid":{"rendered":"https:\/\/www.ccmboutique.ro\/?post_type=product&#038;p=6724"},"modified":"2024-02-20T15:49:33","modified_gmt":"2024-02-20T13:49:33","slug":"krasimira-palton-din-shearling","status":"publish","type":"product","link":"https:\/\/www.ccmboutique.ro\/ro\/shop\/krasimira-palton-din-shearling\/","title":{"rendered":"Cojoc Shearling KRASIMIRA"},"content":{"rendered":"","protected":false},"excerpt":{"rendered":"<p class=\"p1\">Nu vei trece neobservat\u0103 cu aceast superb cojoc din shearling.<\/p>\n<p class=\"p1\">Putem face acest model la comand\u0103 \u00een mai multe culori, orice dimensiune \u0219i diferite lungimi.<\/p>\n<p class=\"p1\">Un cojoc extrem de c\u0103lduros, asigura un confort termic optim.<\/p>\n<p class=\"p1\">Poate fi u\u0219or de asortat cu aproape orice tip de \u021binut\u0103, fie c\u0103 este vorba de o \u021binut\u0103 sport sau una elegant\u0103.<\/p>\n<p class=\"p1\">Fabricat din piele \u0219i blan\u0103 100% natural\u0103.<\/p>\n<p>C\u0103ldura bl\u0103nii de oaie, shearling este doar unul dintre avantajele sale.<\/p>\n<p class=\"p1\">Pentru m\u0103suri personalizate, putem lucra pe baz\u0103 de comand\u0103.<\/p>\n<p class=\"p1\">Pentru orice informa\u021bii suplimentare, v\u0103 st\u0103m la dispozi\u021bie <span class=\"s1\">\ud83d\udcde 0040766914884<\/span> 0040766914884<span class=\"Apple-converted-space\"> <\/span>\/<span class=\"Apple-converted-space\"> <\/span>0040766914901.<\/p>\n","protected":false},"featured_media":5530710,"comment_status":"closed","ping_status":"closed","template":"","meta":[],"product_cat":[446,444],"product_tag":[],"class_list":["post-6724","product","type-product","status-publish","has-post-thumbnail","hentry","product_cat-cojoace-shearling","product_cat-femei-2"],"acf":[],"_links":{"self":[{"href":"https:\/\/www.ccmboutique.ro\/ro\/wp-json\/wp\/v2\/product\/6724","targetHints":{"allow":["GET"]}}],"collection":[{"href":"https:\/\/www.ccmboutique.ro\/ro\/wp-json\/wp\/v2\/product"}],"about":[{"href":"https:\/\/www.ccmboutique.ro\/ro\/wp-json\/wp\/v2\/types\/product"}],"replies":[{"embeddable":true,"href":"https:\/\/www.ccmboutique.ro\/ro\/wp-json\/wp\/v2\/comments?post=6724"}],"version-history":[{"count":1,"href":"https:\/\/www.ccmboutique.ro\/ro\/wp-json\/wp\/v2\/product\/6724\/revisions"}],"predecessor-version":[{"id":5525456,"href":"https:\/\/www.ccmboutique.ro\/ro\/wp-json\/wp\/v2\/product\/6724\/revisions\/5525456"}],"wp:featuredmedia":[{"embeddable":true,"href":"https:\/\/www.ccmboutique.ro\/ro\/wp-json\/wp\/v2\/media\/5530710"}],"wp:attachment":[{"href":"https:\/\/www.ccmboutique.ro\/ro\/wp-json\/wp\/v2\/media?parent=6724"}],"wp:term":[{"taxonomy":"product_cat","embeddable":true,"href":"https:\/\/www.ccmboutique.ro\/ro\/wp-json\/wp\/v2\/product_cat?post=6724"},{"taxonomy":"product_tag","embeddable":true,"href":"https:\/\/www.ccmboutique.ro\/ro\/wp-json\/wp\/v2\/product_tag?post=6724"}],"curies":[{"name":"wp","href":"https:\/\/api.w.org\/{rel}","templated":true}]}}