{"id":6721,"date":"2022-03-17T22:44:47","date_gmt":"2022-03-17T20:44:47","guid":{"rendered":"https:\/\/www.ccmboutique.ro\/?post_type=product&#038;p=6721"},"modified":"2024-02-20T15:49:25","modified_gmt":"2024-02-20T13:49:25","slug":"farrah-rosu-piele-cap","status":"publish","type":"product","link":"https:\/\/www.ccmboutique.ro\/ro\/shop\/farrah-rosu-piele-cap\/","title":{"rendered":"Sapca Din Piele de Piton Farrah"},"content":{"rendered":"","protected":false},"excerpt":{"rendered":"<p>\u0218apca Farrah din piele de piton adaug\u0103 o atitudine sofisticat\u0103 stilului t\u0103u, de la var\u0103 la iarn\u0103.<\/p>\n<ul>\n<li>Ro\u0219u<\/li>\n<li>Python \/ Ponei<\/li>\n<li>Unisex<\/li>\n<li>Reglabil<\/li>\n<li>Manoper\u0103 de \u00eenalt\u0103 calitate<\/li>\n<\/ul>\n","protected":false},"featured_media":5530679,"comment_status":"closed","ping_status":"closed","template":"","meta":[],"product_cat":[434,433],"product_tag":[],"class_list":["post-6721","product","type-product","status-publish","has-post-thumbnail","hentry","product_cat-accesorii","product_cat-sepci-din-piele"],"acf":[],"_links":{"self":[{"href":"https:\/\/www.ccmboutique.ro\/ro\/wp-json\/wp\/v2\/product\/6721","targetHints":{"allow":["GET"]}}],"collection":[{"href":"https:\/\/www.ccmboutique.ro\/ro\/wp-json\/wp\/v2\/product"}],"about":[{"href":"https:\/\/www.ccmboutique.ro\/ro\/wp-json\/wp\/v2\/types\/product"}],"replies":[{"embeddable":true,"href":"https:\/\/www.ccmboutique.ro\/ro\/wp-json\/wp\/v2\/comments?post=6721"}],"version-history":[{"count":1,"href":"https:\/\/www.ccmboutique.ro\/ro\/wp-json\/wp\/v2\/product\/6721\/revisions"}],"predecessor-version":[{"id":5525453,"href":"https:\/\/www.ccmboutique.ro\/ro\/wp-json\/wp\/v2\/product\/6721\/revisions\/5525453"}],"wp:featuredmedia":[{"embeddable":true,"href":"https:\/\/www.ccmboutique.ro\/ro\/wp-json\/wp\/v2\/media\/5530679"}],"wp:attachment":[{"href":"https:\/\/www.ccmboutique.ro\/ro\/wp-json\/wp\/v2\/media?parent=6721"}],"wp:term":[{"taxonomy":"product_cat","embeddable":true,"href":"https:\/\/www.ccmboutique.ro\/ro\/wp-json\/wp\/v2\/product_cat?post=6721"},{"taxonomy":"product_tag","embeddable":true,"href":"https:\/\/www.ccmboutique.ro\/ro\/wp-json\/wp\/v2\/product_tag?post=6721"}],"curies":[{"name":"wp","href":"https:\/\/api.w.org\/{rel}","templated":true}]}}