{"id":6688,"date":"2022-03-17T15:51:28","date_gmt":"2022-03-17T13:51:28","guid":{"rendered":"https:\/\/www.ccmboutique.ro\/?post_type=product&#038;p=6688"},"modified":"2024-02-20T15:49:13","modified_gmt":"2024-02-20T13:49:13","slug":"jacheta-parka-bomber-rosu-cetos","status":"publish","type":"product","link":"https:\/\/www.ccmboutique.ro\/ro\/shop\/jacheta-parka-bomber-rosu-cetos\/","title":{"rendered":"Jachet\u0103 Bomber Misty Red"},"content":{"rendered":"","protected":false},"excerpt":{"rendered":"<p>Fiecare femeie \u00ee\u0219i dore\u0219te s\u0103 \u00ee\u0219i creeze o \u021binut\u0103 care s\u0103 \u00eembine confortul termic \u0219i stilul personal, astfel \u00eenc\u00e2t s\u0103 arate splendid chiar \u0219i \u00een zilele reci de iarn\u0103.<\/p>\n<p>Poate fi f\u0103cuta la comand\u0103 pe orice dimensiune sau culoare.<\/p>\n<p class=\"tw-data-text tw-text-large tw-ta\" dir=\"ltr\" data-placeholder=\"Traducere\"><span class=\"Y2IQFc\" lang=\"en\">Confec\u021bionat\u0103 dintr-un material impermeabil \u0219i rezistent la v\u00e2nt , blan\u0103 natural\u0103 100%.<\/span><\/p>\n<p id=\"tw-target-text\" class=\"tw-data-text tw-text-large tw-ta\" dir=\"ltr\" data-placeholder=\"Traducere\"><span class=\"Y2IQFc\" lang=\"en\">Este un model vestimentar foarte c\u0103lduros \u0219i practic, datorit\u0103 faptului c\u0103 blana este detasabila.<\/span><\/p>\n<p>Folosim doar materiale de cea mai bun\u0103 calitate \u0219i \u00eencerc\u0103m mereu s\u0103 cre\u0103m idei interesante pentru a v\u0103 face stilul unic.<\/p>\n<p class=\"p1\">V\u0103 pute\u021bi bucura de un serviciu privilegiat de croitorie individual\u0103.<\/p>\n<p class=\"p1\">Jachetele vor fi fabricate exclusiv pentru dumneavoastr\u0103: de la modelul potrivit pentru silueta dumneavoastr\u0103 p\u00e2n\u0103 la ton \u0219i textura.<\/p>\n<p class=\"p1\">Un produs exclusivist va flata silueta \u0219i va reflecta stilul t\u0103u.<\/p>\n<p class=\"p1\">Pentru un serviciu de comand\u0103 personalizat \u0219i mai multe detalii ne pute\u021bi contacta la numerele de telefon 0040766914884 \/ 0040766914901 \u0219i ve\u021bi avea produse care vor fi realizate cu minu\u021biozitate pentru dvs.<\/p>\n","protected":false},"featured_media":5530405,"comment_status":"closed","ping_status":"closed","template":"","meta":[],"product_cat":[444,454],"product_tag":[],"class_list":["post-6688","product","type-product","status-publish","has-post-thumbnail","hentry","product_cat-femei-2","product_cat-jachete-parka"],"acf":[],"_links":{"self":[{"href":"https:\/\/www.ccmboutique.ro\/ro\/wp-json\/wp\/v2\/product\/6688","targetHints":{"allow":["GET"]}}],"collection":[{"href":"https:\/\/www.ccmboutique.ro\/ro\/wp-json\/wp\/v2\/product"}],"about":[{"href":"https:\/\/www.ccmboutique.ro\/ro\/wp-json\/wp\/v2\/types\/product"}],"replies":[{"embeddable":true,"href":"https:\/\/www.ccmboutique.ro\/ro\/wp-json\/wp\/v2\/comments?post=6688"}],"version-history":[{"count":1,"href":"https:\/\/www.ccmboutique.ro\/ro\/wp-json\/wp\/v2\/product\/6688\/revisions"}],"predecessor-version":[{"id":5525440,"href":"https:\/\/www.ccmboutique.ro\/ro\/wp-json\/wp\/v2\/product\/6688\/revisions\/5525440"}],"wp:featuredmedia":[{"embeddable":true,"href":"https:\/\/www.ccmboutique.ro\/ro\/wp-json\/wp\/v2\/media\/5530405"}],"wp:attachment":[{"href":"https:\/\/www.ccmboutique.ro\/ro\/wp-json\/wp\/v2\/media?parent=6688"}],"wp:term":[{"taxonomy":"product_cat","embeddable":true,"href":"https:\/\/www.ccmboutique.ro\/ro\/wp-json\/wp\/v2\/product_cat?post=6688"},{"taxonomy":"product_tag","embeddable":true,"href":"https:\/\/www.ccmboutique.ro\/ro\/wp-json\/wp\/v2\/product_tag?post=6688"}],"curies":[{"name":"wp","href":"https:\/\/api.w.org\/{rel}","templated":true}]}}