{"id":6680,"date":"2022-03-17T21:44:12","date_gmt":"2022-03-17T19:44:12","guid":{"rendered":"https:\/\/www.ccmboutique.ro\/?post_type=product&#038;p=6680"},"modified":"2024-02-20T15:49:01","modified_gmt":"2024-02-20T13:49:01","slug":"ishani-khaki-parka-jacheta","status":"publish","type":"product","link":"https:\/\/www.ccmboutique.ro\/ro\/shop\/ishani-khaki-parka-jacheta\/","title":{"rendered":"Jachet\u0103 Parka Ishani"},"content":{"rendered":"","protected":false},"excerpt":{"rendered":"<p><span class=\"Y2IQFc\" lang=\"en\">O piesa vestimentara exceptionala, practica si calduroasa, special conceputa pentru zilele reci de iarna, blana 100% naturala.<\/span><\/p>\n<p><span class=\"Y2IQFc\" lang=\"en\">Sistemul de inchidere se realizeaza cu ajutorul fermoarului ascuns si al tridentelor care faciliteaza inchiderea cu blana la exterior.<\/span><\/p>\n<p><span class=\"Y2IQFc\" lang=\"en\">Este prevazut si cu cordon in talie pentru cambra si doua buzunare laterale.<\/span><\/p>\n<p class=\"p1\">V\u0103 pute\u021bi bucura de un serviciu privilegiat de croitorie individual\u0103.<\/p>\n<p class=\"p1\">Jachetele vor fi fabricate exclusiv pentru dumneavoastr\u0103: de la modelul potrivit pentru silueta dumneavoastr\u0103 p\u00e2n\u0103 la tonul \u0219i textura.<\/p>\n<p class=\"p1\">Un produs exclusivist va flata silueta \u0219i va reflecta stilul t\u0103u.<\/p>\n<p class=\"p1\">Pentru un serviciu de comand\u0103 personalizat \u0219i mai multe detalii ne pute\u021bi contacta la numerele de telefon 0040766914884 \/ 0040766914901 \u0219i ve\u021bi avea produse care vor fi realizate cu minu\u021biozitate pentru dvs.<\/p>\n","protected":false},"featured_media":5530615,"comment_status":"closed","ping_status":"closed","template":"","meta":[],"product_cat":[444,454],"product_tag":[],"class_list":["post-6680","product","type-product","status-publish","has-post-thumbnail","hentry","product_cat-femei-2","product_cat-jachete-parka"],"acf":[],"_links":{"self":[{"href":"https:\/\/www.ccmboutique.ro\/ro\/wp-json\/wp\/v2\/product\/6680","targetHints":{"allow":["GET"]}}],"collection":[{"href":"https:\/\/www.ccmboutique.ro\/ro\/wp-json\/wp\/v2\/product"}],"about":[{"href":"https:\/\/www.ccmboutique.ro\/ro\/wp-json\/wp\/v2\/types\/product"}],"replies":[{"embeddable":true,"href":"https:\/\/www.ccmboutique.ro\/ro\/wp-json\/wp\/v2\/comments?post=6680"}],"version-history":[{"count":1,"href":"https:\/\/www.ccmboutique.ro\/ro\/wp-json\/wp\/v2\/product\/6680\/revisions"}],"predecessor-version":[{"id":5525434,"href":"https:\/\/www.ccmboutique.ro\/ro\/wp-json\/wp\/v2\/product\/6680\/revisions\/5525434"}],"wp:featuredmedia":[{"embeddable":true,"href":"https:\/\/www.ccmboutique.ro\/ro\/wp-json\/wp\/v2\/media\/5530615"}],"wp:attachment":[{"href":"https:\/\/www.ccmboutique.ro\/ro\/wp-json\/wp\/v2\/media?parent=6680"}],"wp:term":[{"taxonomy":"product_cat","embeddable":true,"href":"https:\/\/www.ccmboutique.ro\/ro\/wp-json\/wp\/v2\/product_cat?post=6680"},{"taxonomy":"product_tag","embeddable":true,"href":"https:\/\/www.ccmboutique.ro\/ro\/wp-json\/wp\/v2\/product_tag?post=6680"}],"curies":[{"name":"wp","href":"https:\/\/api.w.org\/{rel}","templated":true}]}}