{"id":6658,"date":"2022-03-17T17:47:38","date_gmt":"2022-03-17T15:47:38","guid":{"rendered":"https:\/\/www.ccmboutique.ro\/?post_type=product&#038;p=6658"},"modified":"2024-12-04T13:56:56","modified_gmt":"2024-12-04T11:56:56","slug":"maisie-parka-jacheta","status":"publish","type":"product","link":"https:\/\/www.ccmboutique.ro\/ro\/shop\/maisie-parka-jacheta\/","title":{"rendered":"Jachet\u0103 parka Maisie"},"content":{"rendered":"","protected":false},"excerpt":{"rendered":"<p><span class=\"Y2IQFc\" lang=\"en\">Acest tip de \u00eembr\u0103c\u0103minte este special conceput pentru zilele reci, fiind extrem de practic \u0219i calduros.<\/span><\/p>\n<p><span class=\"Y2IQFc\" lang=\"en\">Avem o gam\u0103 larg\u0103 de modele, astfel \u00eenc\u00e2t s\u0103 po\u021bi alege jacheta parka cu blan\u0103 natural\u0103 care se potrive\u0219te cel mai bine \u021binutelor tale.<\/span><\/p>\n<p class=\"tw-data-text tw-text-large tw-ta\" dir=\"ltr\" data-placeholder=\"Traducere\"><span class=\"Y2IQFc\" lang=\"en\">Fabricat dintr-un material rezistent la ap\u0103 \u0219i v\u00e2nt, blan\u0103 natural\u0103 100%.<\/span><\/p>\n<p class=\"p1\">V\u0103 pute\u021bi bucura de un serviciu privilegiat de croitorie individual\u0103.<\/p>\n<p class=\"p1\">Jachetele vor fi fabricate exclusiv pentru dumneavoastr\u0103: de la modelul potrivit pentru silueta dumneavoastr\u0103 p\u00e2n\u0103 la tonul \u0219i textura.<\/p>\n<p class=\"p1\">Un produs exclusivist va flata silueta \u0219i va reflecta stilul t\u0103u.<\/p>\n<p class=\"p1\">Pentru un serviciu de comand\u0103 personalizat \u0219i mai multe detalii ne pute\u021bi contacta la numerele de telefon 0040766914884 \/ 0040766914901 \u0219i ve\u021bi avea produse care vor fi realizate cu minu\u021biozitate pentru dvs.<\/p>\n","protected":false},"featured_media":5530438,"comment_status":"closed","ping_status":"closed","template":"","meta":[],"product_cat":[444,454],"product_tag":[],"class_list":["post-6658","product","type-product","status-publish","has-post-thumbnail","hentry","product_cat-femei-2","product_cat-jachete-parka"],"acf":[],"_links":{"self":[{"href":"https:\/\/www.ccmboutique.ro\/ro\/wp-json\/wp\/v2\/product\/6658","targetHints":{"allow":["GET"]}}],"collection":[{"href":"https:\/\/www.ccmboutique.ro\/ro\/wp-json\/wp\/v2\/product"}],"about":[{"href":"https:\/\/www.ccmboutique.ro\/ro\/wp-json\/wp\/v2\/types\/product"}],"replies":[{"embeddable":true,"href":"https:\/\/www.ccmboutique.ro\/ro\/wp-json\/wp\/v2\/comments?post=6658"}],"version-history":[{"count":1,"href":"https:\/\/www.ccmboutique.ro\/ro\/wp-json\/wp\/v2\/product\/6658\/revisions"}],"predecessor-version":[{"id":5525423,"href":"https:\/\/www.ccmboutique.ro\/ro\/wp-json\/wp\/v2\/product\/6658\/revisions\/5525423"}],"wp:featuredmedia":[{"embeddable":true,"href":"https:\/\/www.ccmboutique.ro\/ro\/wp-json\/wp\/v2\/media\/5530438"}],"wp:attachment":[{"href":"https:\/\/www.ccmboutique.ro\/ro\/wp-json\/wp\/v2\/media?parent=6658"}],"wp:term":[{"taxonomy":"product_cat","embeddable":true,"href":"https:\/\/www.ccmboutique.ro\/ro\/wp-json\/wp\/v2\/product_cat?post=6658"},{"taxonomy":"product_tag","embeddable":true,"href":"https:\/\/www.ccmboutique.ro\/ro\/wp-json\/wp\/v2\/product_tag?post=6658"}],"curies":[{"name":"wp","href":"https:\/\/api.w.org\/{rel}","templated":true}]}}