{"id":6613,"date":"2022-03-14T22:54:39","date_gmt":"2022-03-14T20:54:39","guid":{"rendered":"https:\/\/www.ccmboutique.ro\/?post_type=product&#038;p=6613"},"modified":"2024-02-20T15:48:23","modified_gmt":"2024-02-20T13:48:23","slug":"svjetlana-blana-neagra","status":"publish","type":"product","link":"https:\/\/www.ccmboutique.ro\/ro\/shop\/svjetlana-blana-neagra\/","title":{"rendered":"Haina Din Blana De Vulpe SVJETLANA"},"content":{"rendered":"","protected":false},"excerpt":{"rendered":"<p>Detaliile conteaz\u0103, calitatea inainte de orice.<\/p>\n<p>Piele natural\u0103 \u00eentre p\u0103r\u021bile din blan\u0103.<\/p>\n<p>Manoper\u0103 de \u00eenalt\u0103 calitate.<\/p>\n<p>100 % blan\u0103 natural\u0103 de vulpe.<\/p>\n<p>Poate fi f\u0103cuta la comand\u0103 pe orice dimensiune.<\/p>\n<p>Folosim numai materiale \u0219i accesorii de cea mai bun\u0103 calitate, \u00eencerc\u00e2nd mereu s\u0103 cre\u0103m idei interesante pentru a v\u0103 face stilul unic.<\/p>\n<p>Pentru comenzi \u0219i mai multe informa\u021bii, ne pute\u021bi contacta la num\u0103rul de telefon 0040766914884  0040766914901.<\/p>\n","protected":false},"featured_media":5530304,"comment_status":"closed","ping_status":"closed","template":"","meta":[],"product_cat":[444,452],"product_tag":[],"class_list":["post-6613","product","type-product","status-publish","has-post-thumbnail","hentry","product_cat-femei-2","product_cat-haine-din-blana-2"],"acf":[],"_links":{"self":[{"href":"https:\/\/www.ccmboutique.ro\/ro\/wp-json\/wp\/v2\/product\/6613","targetHints":{"allow":["GET"]}}],"collection":[{"href":"https:\/\/www.ccmboutique.ro\/ro\/wp-json\/wp\/v2\/product"}],"about":[{"href":"https:\/\/www.ccmboutique.ro\/ro\/wp-json\/wp\/v2\/types\/product"}],"replies":[{"embeddable":true,"href":"https:\/\/www.ccmboutique.ro\/ro\/wp-json\/wp\/v2\/comments?post=6613"}],"version-history":[{"count":1,"href":"https:\/\/www.ccmboutique.ro\/ro\/wp-json\/wp\/v2\/product\/6613\/revisions"}],"predecessor-version":[{"id":5525402,"href":"https:\/\/www.ccmboutique.ro\/ro\/wp-json\/wp\/v2\/product\/6613\/revisions\/5525402"}],"wp:featuredmedia":[{"embeddable":true,"href":"https:\/\/www.ccmboutique.ro\/ro\/wp-json\/wp\/v2\/media\/5530304"}],"wp:attachment":[{"href":"https:\/\/www.ccmboutique.ro\/ro\/wp-json\/wp\/v2\/media?parent=6613"}],"wp:term":[{"taxonomy":"product_cat","embeddable":true,"href":"https:\/\/www.ccmboutique.ro\/ro\/wp-json\/wp\/v2\/product_cat?post=6613"},{"taxonomy":"product_tag","embeddable":true,"href":"https:\/\/www.ccmboutique.ro\/ro\/wp-json\/wp\/v2\/product_tag?post=6613"}],"curies":[{"name":"wp","href":"https:\/\/api.w.org\/{rel}","templated":true}]}}