{"id":6608,"date":"2022-03-14T00:57:49","date_gmt":"2022-03-13T22:57:49","guid":{"rendered":"https:\/\/www.ccmboutique.ro\/?post_type=product&#038;p=6608"},"modified":"2024-02-20T15:48:19","modified_gmt":"2024-02-20T13:48:19","slug":"samra-vulpea-blana","status":"publish","type":"product","link":"https:\/\/www.ccmboutique.ro\/ro\/shop\/samra-vulpea-blana\/","title":{"rendered":"Haina de blana Samra"},"content":{"rendered":"","protected":false},"excerpt":{"rendered":"<p><span class=\"Y2IQFc\" lang=\"en\">Consider\u0103m c\u0103 haina de blan\u0103, ca simbol al luxului absolut, reprezint\u0103 mai mult dec\u00e2t un articol vestimentar, fiind \u00eentruchiparea unei apartenen\u021be sociale superioare.<\/span><\/p>\n<p><span class=\"Y2IQFc\" lang=\"en\">O hain\u0103 calduroasa, rezistent\u0103 \u0219i unic\u0103. Nu trebuie s\u0103 lipseasc\u0103 din garderoba niciunei femei.<\/span><\/p>\n<p><span style=\"font-family: -apple-system, BlinkMacSystemFont, 'Segoe UI', Roboto, Oxygen-Sans, Ubuntu, Cantarell, 'Helvetica Neue', sans-serif;\">M\u00e2neci practice din blan\u0103, care pot fi deta\u0219ate prin mini fermoare integrate cu grij\u0103, permi\u021b\u00e2ndu-v\u0103 s\u0103 scoate\u021bi m\u00e2necile \u0219i s\u0103 purta\u021bi jacheta \u0219i ca o vest\u0103 de blan\u0103. Dou\u0103 buzunare exterioare practice \u00eenconjoar\u0103 aceast\u0103 capodopera.<\/span><\/p>\n<p>Manoper\u0103 de \u00eenalt\u0103 calitate , croitorie excep\u021bional\u0103.<\/p>\n<p>Clien\u021bii no\u0219tri, care doresc s\u0103 primeasc\u0103 servicii de comand\u0103 personalizate, pot contacta magazinele noastre la numerele de telefon 0040766914884 \/ 0040766914901.<span class=\"Apple-converted-space\">  <\/span>\u0219i s\u0103 aib\u0103 produse care vor fi produse cu meticulozitate pentru ei.<\/p>\n","protected":false},"featured_media":5530188,"comment_status":"closed","ping_status":"closed","template":"","meta":[],"product_cat":[444,452],"product_tag":[],"class_list":["post-6608","product","type-product","status-publish","has-post-thumbnail","hentry","product_cat-femei-2","product_cat-haine-din-blana-2"],"acf":[],"_links":{"self":[{"href":"https:\/\/www.ccmboutique.ro\/ro\/wp-json\/wp\/v2\/product\/6608","targetHints":{"allow":["GET"]}}],"collection":[{"href":"https:\/\/www.ccmboutique.ro\/ro\/wp-json\/wp\/v2\/product"}],"about":[{"href":"https:\/\/www.ccmboutique.ro\/ro\/wp-json\/wp\/v2\/types\/product"}],"replies":[{"embeddable":true,"href":"https:\/\/www.ccmboutique.ro\/ro\/wp-json\/wp\/v2\/comments?post=6608"}],"version-history":[{"count":1,"href":"https:\/\/www.ccmboutique.ro\/ro\/wp-json\/wp\/v2\/product\/6608\/revisions"}],"predecessor-version":[{"id":5525398,"href":"https:\/\/www.ccmboutique.ro\/ro\/wp-json\/wp\/v2\/product\/6608\/revisions\/5525398"}],"wp:featuredmedia":[{"embeddable":true,"href":"https:\/\/www.ccmboutique.ro\/ro\/wp-json\/wp\/v2\/media\/5530188"}],"wp:attachment":[{"href":"https:\/\/www.ccmboutique.ro\/ro\/wp-json\/wp\/v2\/media?parent=6608"}],"wp:term":[{"taxonomy":"product_cat","embeddable":true,"href":"https:\/\/www.ccmboutique.ro\/ro\/wp-json\/wp\/v2\/product_cat?post=6608"},{"taxonomy":"product_tag","embeddable":true,"href":"https:\/\/www.ccmboutique.ro\/ro\/wp-json\/wp\/v2\/product_tag?post=6608"}],"curies":[{"name":"wp","href":"https:\/\/api.w.org\/{rel}","templated":true}]}}