{"id":6607,"date":"2022-03-14T22:23:36","date_gmt":"2022-03-14T20:23:36","guid":{"rendered":"https:\/\/www.ccmboutique.ro\/?post_type=product&#038;p=6607"},"modified":"2024-02-20T15:48:18","modified_gmt":"2024-02-20T13:48:18","slug":"korrine-black-coat-2","status":"publish","type":"product","link":"https:\/\/www.ccmboutique.ro\/ro\/shop\/korrine-black-coat-2\/","title":{"rendered":"Haina de blana Korrine"},"content":{"rendered":"","protected":false},"excerpt":{"rendered":"<p class=\"p1\">Explora\u021bi confortul superior \u0219i stilul elegant al colec\u021biei de bl\u0103nuri pentru femei CCM Boutique CCM Boutique \u00een timpul r\u0103celilor.<\/p>\n<p><span class=\"Y2IQFc\" lang=\"en\">Consider\u0103m c\u0103 haina de blan\u0103, ca simbol al luxului absolut, reprezint\u0103 mai mult dec\u00e2t un articol vestimentar, fiind \u00eentruchiparea unei apartenen\u021be sociale superioare.<\/span><\/p>\n<p><span class=\"Y2IQFc\" lang=\"en\">O hain\u0103 cald\u0103, rezistent\u0103 \u0219i unic\u0103. Nu trebuie s\u0103 lipseasc\u0103 din garderoba niciunei femei.<\/span><\/p>\n<p>Folosim bl\u0103nuri, l\u00e2n\u0103 \u0219i piele 100 % naturale.<\/p>\n<p class=\"p1\">V\u0103 pute\u021bi bucura de un serviciu privilegiat de croitorie individual\u0103.<\/p>\n<p class=\"p1\">Jachetele vor fi fabricate exclusiv pentru dumneavoastr\u0103: de la modelul potrivit pentru silueta dumneavoastr\u0103 p\u00e2n\u0103 la tonul \u0219i textura.<\/p>\n<p class=\"p1\">Un produs exclusivist va flata silueta \u0219i va reflecta stilul t\u0103u.<\/p>\n<p class=\"p1\">Pentru un serviciu de comand\u0103 personalizat \u0219i mai multe detalii ne pute\u021bi contacta la numerele de telefon 0040766914884 \/ 0040766914901 \u0219i ve\u021bi avea produse care vor fi realizate cu meticulozitate pentru dumneavoastr\u0103.<\/p>\n","protected":false},"featured_media":5537683,"comment_status":"closed","ping_status":"closed","template":"","meta":[],"product_cat":[444,452],"product_tag":[],"class_list":["post-6607","product","type-product","status-publish","has-post-thumbnail","hentry","product_cat-femei-2","product_cat-haine-din-blana-2"],"acf":[],"_links":{"self":[{"href":"https:\/\/www.ccmboutique.ro\/ro\/wp-json\/wp\/v2\/product\/6607","targetHints":{"allow":["GET"]}}],"collection":[{"href":"https:\/\/www.ccmboutique.ro\/ro\/wp-json\/wp\/v2\/product"}],"about":[{"href":"https:\/\/www.ccmboutique.ro\/ro\/wp-json\/wp\/v2\/types\/product"}],"replies":[{"embeddable":true,"href":"https:\/\/www.ccmboutique.ro\/ro\/wp-json\/wp\/v2\/comments?post=6607"}],"version-history":[{"count":1,"href":"https:\/\/www.ccmboutique.ro\/ro\/wp-json\/wp\/v2\/product\/6607\/revisions"}],"predecessor-version":[{"id":5525397,"href":"https:\/\/www.ccmboutique.ro\/ro\/wp-json\/wp\/v2\/product\/6607\/revisions\/5525397"}],"wp:featuredmedia":[{"embeddable":true,"href":"https:\/\/www.ccmboutique.ro\/ro\/wp-json\/wp\/v2\/media\/5537683"}],"wp:attachment":[{"href":"https:\/\/www.ccmboutique.ro\/ro\/wp-json\/wp\/v2\/media?parent=6607"}],"wp:term":[{"taxonomy":"product_cat","embeddable":true,"href":"https:\/\/www.ccmboutique.ro\/ro\/wp-json\/wp\/v2\/product_cat?post=6607"},{"taxonomy":"product_tag","embeddable":true,"href":"https:\/\/www.ccmboutique.ro\/ro\/wp-json\/wp\/v2\/product_tag?post=6607"}],"curies":[{"name":"wp","href":"https:\/\/api.w.org\/{rel}","templated":true}]}}