{"id":6606,"date":"2022-03-14T23:48:58","date_gmt":"2022-03-14T21:48:58","guid":{"rendered":"https:\/\/www.ccmboutique.ro\/?post_type=product&#038;p=6606"},"modified":"2024-02-20T15:48:17","modified_gmt":"2024-02-20T13:48:17","slug":"anselma-palton-de-foi","status":"publish","type":"product","link":"https:\/\/www.ccmboutique.ro\/ro\/shop\/anselma-palton-de-foi\/","title":{"rendered":"Cojoc Shearling ANSELMA"},"content":{"rendered":"","protected":false},"excerpt":{"rendered":"<p class=\"p1\">Cojoacele din shearling pentru femei sunt perfecte pentru sezonul rece.<\/p>\n<p class=\"p1\">Poate fi f\u0103cut la comand\u0103 pe orice m\u0103sur\u0103, disponibil \u00een mai multe culori.<\/p>\n<p class=\"p1\">Folosim doar materiale \u0219i accesorii de cea mai bun\u0103 calitate, \u00eencerc\u00e2nd mereu s\u0103 cre\u0103m idei interesante pentru a v\u0103 face stilul unic, personalizat, calitate superioar\u0103.<\/p>\n<p>Blana \u0219i piele natural\u0103 100% , calitate premium.<\/p>\n<p class=\"p1\">Fiecare produs este realizat manual cu piele si blana 100% natural\u0103.<\/p>\n<p class=\"p1\">Pentru m\u0103suri personalizate, putem lucra pe baz\u0103 de comand\u0103.<\/p>\n<p class=\"p1\">Pentru orice informa\u021bii suplimentare, v\u0103 st\u0103m la dispozi\u021bie <span class=\"s1\">\ud83d\udcde 0040766914884<\/span> 0040766914884<span class=\"Apple-converted-space\"> <\/span>\/<span class=\"Apple-converted-space\"> <\/span>0040766914901.<\/p>\n<p>Instructiuni de spalare: curatenie specializata<\/p>\n","protected":false},"featured_media":5530329,"comment_status":"closed","ping_status":"closed","template":"","meta":[],"product_cat":[446,444],"product_tag":[],"class_list":["post-6606","product","type-product","status-publish","has-post-thumbnail","hentry","product_cat-cojoace-shearling","product_cat-femei-2"],"acf":[],"_links":{"self":[{"href":"https:\/\/www.ccmboutique.ro\/ro\/wp-json\/wp\/v2\/product\/6606","targetHints":{"allow":["GET"]}}],"collection":[{"href":"https:\/\/www.ccmboutique.ro\/ro\/wp-json\/wp\/v2\/product"}],"about":[{"href":"https:\/\/www.ccmboutique.ro\/ro\/wp-json\/wp\/v2\/types\/product"}],"replies":[{"embeddable":true,"href":"https:\/\/www.ccmboutique.ro\/ro\/wp-json\/wp\/v2\/comments?post=6606"}],"version-history":[{"count":1,"href":"https:\/\/www.ccmboutique.ro\/ro\/wp-json\/wp\/v2\/product\/6606\/revisions"}],"predecessor-version":[{"id":5525396,"href":"https:\/\/www.ccmboutique.ro\/ro\/wp-json\/wp\/v2\/product\/6606\/revisions\/5525396"}],"wp:featuredmedia":[{"embeddable":true,"href":"https:\/\/www.ccmboutique.ro\/ro\/wp-json\/wp\/v2\/media\/5530329"}],"wp:attachment":[{"href":"https:\/\/www.ccmboutique.ro\/ro\/wp-json\/wp\/v2\/media?parent=6606"}],"wp:term":[{"taxonomy":"product_cat","embeddable":true,"href":"https:\/\/www.ccmboutique.ro\/ro\/wp-json\/wp\/v2\/product_cat?post=6606"},{"taxonomy":"product_tag","embeddable":true,"href":"https:\/\/www.ccmboutique.ro\/ro\/wp-json\/wp\/v2\/product_tag?post=6606"}],"curies":[{"name":"wp","href":"https:\/\/api.w.org\/{rel}","templated":true}]}}