{"id":6566,"date":"2022-03-13T23:37:58","date_gmt":"2022-03-13T21:37:58","guid":{"rendered":"https:\/\/www.ccmboutique.ro\/?post_type=product&#038;p=6566"},"modified":"2024-02-20T15:47:52","modified_gmt":"2024-02-20T13:47:52","slug":"breda-black-coat-2","status":"publish","type":"product","link":"https:\/\/www.ccmboutique.ro\/ro\/shop\/breda-black-coat-2\/","title":{"rendered":"Haina de blana Breda"},"content":{"rendered":"","protected":false},"excerpt":{"rendered":"<p>Exploreaz\u0103 noble\u021bea negrului din tine, pentru to\u021bi iubitorii de glamour CCM Boutique.<\/p>\n<p>Abilit\u0103\u021bi excelente de fabrica\u021bie \u0219i mult\u0103 dragoste , calitate premium care vine cu un aspect superb oferind un sentiment de lux pur.<\/p>\n<p>Ve\u021bi r\u0103m\u00e2ne super confortabil \u00een cele mai reci perioade ale anului<\/p>\n<p>\u00cen plus, aceast\u0103 hain\u0103 are m\u00e2neci de blan\u0103 practice, care pot fi deta\u0219ate prin mini fermoare integrate cu grij\u0103, permi\u021b\u00e2ndu-v\u0103 s\u0103 le \u00eendep\u0103rta\u021bi \u0219i s\u0103 purta\u021bi haina de blan\u0103 ca o vest\u0103 de blan\u0103 etern chic.<\/p>\n<p>Acest punct culminant de lux v\u0103 a\u0219teapt\u0103.<\/p>\n<p class=\"p1\">V\u0103 pute\u021bi bucura de un serviciu privilegiat de croitorie individual\u0103.<\/p>\n<p class=\"p1\">Jachetele vor fi fabricate exclusiv pentru dumneavoastr\u0103: de la modelul potrivit pentru silueta dumneavoastr\u0103 p\u00e2n\u0103 la tonul \u0219i textura.<\/p>\n<p class=\"p1\">Un produs exclusivist va flata silueta \u0219i va reflecta stilul t\u0103u.<\/p>\n<p class=\"p1\">Pentru un serviciu de comand\u0103 personalizat \u0219i mai multe detalii ne pute\u021bi contacta la numerele de telefon 0040766914884 \/ 0040766914901 \u0219i ve\u021bi avea produse care vor fi realizate cu minu\u021biozitate pentru dvs.<\/p>\n","protected":false},"featured_media":5530149,"comment_status":"closed","ping_status":"closed","template":"","meta":[],"product_cat":[444,452],"product_tag":[],"class_list":["post-6566","product","type-product","status-publish","has-post-thumbnail","hentry","product_cat-femei-2","product_cat-haine-din-blana-2"],"acf":[],"_links":{"self":[{"href":"https:\/\/www.ccmboutique.ro\/ro\/wp-json\/wp\/v2\/product\/6566","targetHints":{"allow":["GET"]}}],"collection":[{"href":"https:\/\/www.ccmboutique.ro\/ro\/wp-json\/wp\/v2\/product"}],"about":[{"href":"https:\/\/www.ccmboutique.ro\/ro\/wp-json\/wp\/v2\/types\/product"}],"replies":[{"embeddable":true,"href":"https:\/\/www.ccmboutique.ro\/ro\/wp-json\/wp\/v2\/comments?post=6566"}],"version-history":[{"count":1,"href":"https:\/\/www.ccmboutique.ro\/ro\/wp-json\/wp\/v2\/product\/6566\/revisions"}],"predecessor-version":[{"id":5525377,"href":"https:\/\/www.ccmboutique.ro\/ro\/wp-json\/wp\/v2\/product\/6566\/revisions\/5525377"}],"wp:featuredmedia":[{"embeddable":true,"href":"https:\/\/www.ccmboutique.ro\/ro\/wp-json\/wp\/v2\/media\/5530149"}],"wp:attachment":[{"href":"https:\/\/www.ccmboutique.ro\/ro\/wp-json\/wp\/v2\/media?parent=6566"}],"wp:term":[{"taxonomy":"product_cat","embeddable":true,"href":"https:\/\/www.ccmboutique.ro\/ro\/wp-json\/wp\/v2\/product_cat?post=6566"},{"taxonomy":"product_tag","embeddable":true,"href":"https:\/\/www.ccmboutique.ro\/ro\/wp-json\/wp\/v2\/product_tag?post=6566"}],"curies":[{"name":"wp","href":"https:\/\/api.w.org\/{rel}","templated":true}]}}