{"id":6564,"date":"2022-03-08T23:24:02","date_gmt":"2022-03-08T21:24:02","guid":{"rendered":"https:\/\/www.ccmboutique.ro\/?post_type=product&#038;p=6564"},"modified":"2024-02-20T15:47:51","modified_gmt":"2024-02-20T13:47:51","slug":"vesta-blana-khaleesi","status":"publish","type":"product","link":"https:\/\/www.ccmboutique.ro\/ro\/shop\/vesta-blana-khaleesi\/","title":{"rendered":"Vest\u0103 de blan\u0103 Khaleesi"},"content":{"rendered":"","protected":false},"excerpt":{"rendered":"<p>O vest\u0103 de blan\u0103 adaug\u0103 o not\u0103 de lux oric\u0103rei \u021binute.<\/p>\n<p><span class=\"Y2IQFc\" lang=\"en\">Gam\u0103 larg\u0103 de culori, pot fi f\u0103cute pe orice lungime, c<\/span><span class=\"Y2IQFc\" lang=\"en\">\u00eenchiderea poate fi cu fermoar sau capse.<\/span><\/p>\n<p class=\"p1\">V\u0103 pute\u021bi bucura de un serviciu privilegiat de croitorie individual\u0103.<\/p>\n<p class=\"p1\">Jachetele vor fi fabricate exclusiv pentru dumneavoastr\u0103: de la modelul potrivit pentru silueta dumneavoastr\u0103 p\u00e2n\u0103 la tonul \u0219i textura.<\/p>\n<p class=\"p1\">Un produs exclusivist va flata silueta \u0219i va reflecta stilul t\u0103u.<\/p>\n<p class=\"p1\">Pentru un serviciu de comand\u0103 personalizat \u0219i mai multe detalii ne pute\u021bi contacta la numerele de telefon 0040766914884 \/ 0040766914901 \u0219i ve\u021bi avea produse care vor fi realizate cu minu\u021biozitate pentru dvs.<\/p>\n","protected":false},"featured_media":5529916,"comment_status":"closed","ping_status":"closed","template":"","meta":[],"product_cat":[444,456],"product_tag":[],"class_list":["post-6564","product","type-product","status-publish","has-post-thumbnail","hentry","product_cat-femei-2","product_cat-veste-din-blana-2"],"acf":[],"_links":{"self":[{"href":"https:\/\/www.ccmboutique.ro\/ro\/wp-json\/wp\/v2\/product\/6564","targetHints":{"allow":["GET"]}}],"collection":[{"href":"https:\/\/www.ccmboutique.ro\/ro\/wp-json\/wp\/v2\/product"}],"about":[{"href":"https:\/\/www.ccmboutique.ro\/ro\/wp-json\/wp\/v2\/types\/product"}],"replies":[{"embeddable":true,"href":"https:\/\/www.ccmboutique.ro\/ro\/wp-json\/wp\/v2\/comments?post=6564"}],"version-history":[{"count":1,"href":"https:\/\/www.ccmboutique.ro\/ro\/wp-json\/wp\/v2\/product\/6564\/revisions"}],"predecessor-version":[{"id":5525376,"href":"https:\/\/www.ccmboutique.ro\/ro\/wp-json\/wp\/v2\/product\/6564\/revisions\/5525376"}],"wp:featuredmedia":[{"embeddable":true,"href":"https:\/\/www.ccmboutique.ro\/ro\/wp-json\/wp\/v2\/media\/5529916"}],"wp:attachment":[{"href":"https:\/\/www.ccmboutique.ro\/ro\/wp-json\/wp\/v2\/media?parent=6564"}],"wp:term":[{"taxonomy":"product_cat","embeddable":true,"href":"https:\/\/www.ccmboutique.ro\/ro\/wp-json\/wp\/v2\/product_cat?post=6564"},{"taxonomy":"product_tag","embeddable":true,"href":"https:\/\/www.ccmboutique.ro\/ro\/wp-json\/wp\/v2\/product_tag?post=6564"}],"curies":[{"name":"wp","href":"https:\/\/api.w.org\/{rel}","templated":true}]}}