{"id":6556,"date":"2022-03-14T00:21:38","date_gmt":"2022-03-13T22:21:38","guid":{"rendered":"https:\/\/www.ccmboutique.ro\/?post_type=product&#038;p=6556"},"modified":"2024-02-20T15:47:42","modified_gmt":"2024-02-20T13:47:42","slug":"terese-palton-alb-de-vulpe","status":"publish","type":"product","link":"https:\/\/www.ccmboutique.ro\/ro\/shop\/terese-palton-alb-de-vulpe\/","title":{"rendered":"Haina de blana Terese"},"content":{"rendered":"","protected":false},"excerpt":{"rendered":"<p class=\"p1\">Explora\u021bi num\u0103rul mare de produse \u0219i colec\u021bii de la CCM Boutique, g\u0103si\u021bi hainele de lux care vi se potrivesc cel mai bine pentru a fi mereu la mod\u0103.<\/p>\n<p>Elit\u0103. Elegant. La nesf\u00e2r\u0219it \u0219ic<\/p>\n<p>Cu aceast\u0103 hain\u0103 de blan\u0103 plin\u0103 de farmec, vei transforma fiecare \u021binut\u0103 de iarn\u0103 \u00eentr-o atragere extravagant\u0103 a ochilor<\/p>\n<p>Combin\u0103 perfect glamour, stil \u0219i elegan\u021b\u0103<\/p>\n<p>Acest punct culminant de lux v\u0103 a\u0219teapt\u0103.<\/p>\n<p class=\"p1\">Ave\u021bi dreptul s\u0103 cere\u021bi excelen\u021b\u0103 de la noi, pentru c\u0103 calitatea este un limbaj global!<\/p>\n<p class=\"p1\">Clien\u021bii no\u0219tri, care doresc s\u0103 beneficieze de un serviciu de comand\u0103 personalizat, pot contacta magazinele noastre la numerele de telefon 0040766914884 \/ 0040766914901<span class=\"Apple-converted-space\"> <\/span>\u0219i vor primi produse care vor fi realizate cu meticulozitate pentru ei.<\/p>\n","protected":false},"featured_media":5530165,"comment_status":"closed","ping_status":"closed","template":"","meta":[],"product_cat":[444,452],"product_tag":[],"class_list":["post-6556","product","type-product","status-publish","has-post-thumbnail","hentry","product_cat-femei-2","product_cat-haine-din-blana-2"],"acf":[],"_links":{"self":[{"href":"https:\/\/www.ccmboutique.ro\/ro\/wp-json\/wp\/v2\/product\/6556","targetHints":{"allow":["GET"]}}],"collection":[{"href":"https:\/\/www.ccmboutique.ro\/ro\/wp-json\/wp\/v2\/product"}],"about":[{"href":"https:\/\/www.ccmboutique.ro\/ro\/wp-json\/wp\/v2\/types\/product"}],"replies":[{"embeddable":true,"href":"https:\/\/www.ccmboutique.ro\/ro\/wp-json\/wp\/v2\/comments?post=6556"}],"version-history":[{"count":1,"href":"https:\/\/www.ccmboutique.ro\/ro\/wp-json\/wp\/v2\/product\/6556\/revisions"}],"predecessor-version":[{"id":5525372,"href":"https:\/\/www.ccmboutique.ro\/ro\/wp-json\/wp\/v2\/product\/6556\/revisions\/5525372"}],"wp:featuredmedia":[{"embeddable":true,"href":"https:\/\/www.ccmboutique.ro\/ro\/wp-json\/wp\/v2\/media\/5530165"}],"wp:attachment":[{"href":"https:\/\/www.ccmboutique.ro\/ro\/wp-json\/wp\/v2\/media?parent=6556"}],"wp:term":[{"taxonomy":"product_cat","embeddable":true,"href":"https:\/\/www.ccmboutique.ro\/ro\/wp-json\/wp\/v2\/product_cat?post=6556"},{"taxonomy":"product_tag","embeddable":true,"href":"https:\/\/www.ccmboutique.ro\/ro\/wp-json\/wp\/v2\/product_tag?post=6556"}],"curies":[{"name":"wp","href":"https:\/\/api.w.org\/{rel}","templated":true}]}}