{"id":6546,"date":"2022-03-12T00:17:00","date_gmt":"2022-03-11T22:17:00","guid":{"rendered":"https:\/\/www.ccmboutique.ro\/?post_type=product&#038;p=6546"},"modified":"2024-02-20T15:47:36","modified_gmt":"2024-02-20T13:47:36","slug":"briony-racon-blana","status":"publish","type":"product","link":"https:\/\/www.ccmboutique.ro\/ro\/shop\/briony-racon-blana\/","title":{"rendered":"Haina de blana Briony"},"content":{"rendered":"","protected":false},"excerpt":{"rendered":"<p class=\"p1\">Siluetele colec\u021biei de bl\u0103nuri pentru femei CCM Boutique aduc o senza\u021bie de lux \u021binutelor tale de zi cu zi.<\/p>\n<p><span class=\"Y2IQFc\" lang=\"en\">Consider\u0103m c\u0103 haina de blan\u0103, ca simbol al luxului absolut, reprezint\u0103 mai mult dec\u00e2t un articol vestimentar, fiind \u00eentruchiparea unei apartenen\u021be sociale superioare.<\/span><\/p>\n<p><span class=\"Y2IQFc\" lang=\"en\">O hain\u0103 din blana naturala, calduroasa , rezistent\u0103 \u0219i unic\u0103. Nu trebuie sa lipseasca din garderoba nici unei femei.<\/span><\/p>\n<p>Piele natural\u0103 \u00eentre p\u0103r\u021bile din blan\u0103.<\/p>\n<p class=\"p1\">V\u0103 pute\u021bi bucura de un serviciu privilegiat de croitorie individual\u0103.<\/p>\n<p class=\"p1\">Jachetele vor fi fabricate exclusiv pentru dumneavoastr\u0103: de la modelul potrivit pentru silueta dumneavoastr\u0103 p\u00e2n\u0103 la tonul \u0219i textura.<\/p>\n<p class=\"p1\">Un produs exclusivist va flata silueta \u0219i va reflecta stilul t\u0103u.<\/p>\n<p class=\"p1\">Pentru un serviciu de comand\u0103 personalizat \u0219i mai multe detalii ne pute\u021bi contacta la numerele de telefon 0040766914884 \/ 0040766914901 \u0219i ve\u021bi avea produse care vor fi realizate cu minu\u021biozitate pentru dvs.<\/p>\n","protected":false},"featured_media":5530103,"comment_status":"closed","ping_status":"closed","template":"","meta":[],"product_cat":[444,452],"product_tag":[],"class_list":["post-6546","product","type-product","status-publish","has-post-thumbnail","hentry","product_cat-femei-2","product_cat-haine-din-blana-2"],"acf":[],"_links":{"self":[{"href":"https:\/\/www.ccmboutique.ro\/ro\/wp-json\/wp\/v2\/product\/6546","targetHints":{"allow":["GET"]}}],"collection":[{"href":"https:\/\/www.ccmboutique.ro\/ro\/wp-json\/wp\/v2\/product"}],"about":[{"href":"https:\/\/www.ccmboutique.ro\/ro\/wp-json\/wp\/v2\/types\/product"}],"replies":[{"embeddable":true,"href":"https:\/\/www.ccmboutique.ro\/ro\/wp-json\/wp\/v2\/comments?post=6546"}],"version-history":[{"count":1,"href":"https:\/\/www.ccmboutique.ro\/ro\/wp-json\/wp\/v2\/product\/6546\/revisions"}],"predecessor-version":[{"id":5525367,"href":"https:\/\/www.ccmboutique.ro\/ro\/wp-json\/wp\/v2\/product\/6546\/revisions\/5525367"}],"wp:featuredmedia":[{"embeddable":true,"href":"https:\/\/www.ccmboutique.ro\/ro\/wp-json\/wp\/v2\/media\/5530103"}],"wp:attachment":[{"href":"https:\/\/www.ccmboutique.ro\/ro\/wp-json\/wp\/v2\/media?parent=6546"}],"wp:term":[{"taxonomy":"product_cat","embeddable":true,"href":"https:\/\/www.ccmboutique.ro\/ro\/wp-json\/wp\/v2\/product_cat?post=6546"},{"taxonomy":"product_tag","embeddable":true,"href":"https:\/\/www.ccmboutique.ro\/ro\/wp-json\/wp\/v2\/product_tag?post=6546"}],"curies":[{"name":"wp","href":"https:\/\/api.w.org\/{rel}","templated":true}]}}