{"id":6533,"date":"2022-03-11T00:54:58","date_gmt":"2022-03-10T22:54:58","guid":{"rendered":"https:\/\/www.ccmboutique.ro\/?post_type=product&#038;p=6533"},"modified":"2024-10-28T10:58:34","modified_gmt":"2024-10-28T08:58:34","slug":"maia-rex-chinchilla-blana","status":"publish","type":"product","link":"https:\/\/www.ccmboutique.ro\/ro\/shop\/maia-rex-chinchilla-blana\/","title":{"rendered":"Haina De Blana Rex Chinchilla MAYA"},"content":{"rendered":"","protected":false},"excerpt":{"rendered":"<p>Siluetele colec\u021biei de bl\u0103nuri pentru femei CCM Boutique aduc o senza\u021bie de lux \u021binutelor tale de zi cu zi.<\/p>\n<p class=\"p1\">Colec\u021bii atemporale realizate din materiale luxoase.<\/p>\n<p>\u00cembr\u0103c\u0103minte de lux.<\/p>\n<p class=\"p1\">Cele mai importante produse de investi\u021bie pe care le ve\u021bi face pentru garderoba dvs. cu durata de via\u021b\u0103 lung\u0103 \u0219i pozi\u021bia sa atemporal\u0103.<\/p>\n<p class=\"p1\">Explora\u021bi num\u0103rul mare de produse \u0219i colec\u021bii de la CCM Boutique, g\u0103si\u021bi hainele de lux care vi se potrivesc cel mai bine pentru a fi mereu la mod\u0103.<\/p>\n<p class=\"p1\">Pentru un serviciu de comand\u0103 personalizat \u0219i mai multe detalii ne pute\u021bi contacta la numerele de telefon 0040766914884 \/ 0040766914901 \u0219i ve\u021bi avea produse care vor fi realizate cu meticulozitate pentru dumneavoastr\u0103.<\/p>\n","protected":false},"featured_media":5530075,"comment_status":"closed","ping_status":"closed","template":"","meta":[],"product_cat":[444,452],"product_tag":[],"class_list":["post-6533","product","type-product","status-publish","has-post-thumbnail","hentry","product_cat-femei-2","product_cat-haine-din-blana-2"],"acf":[],"_links":{"self":[{"href":"https:\/\/www.ccmboutique.ro\/ro\/wp-json\/wp\/v2\/product\/6533","targetHints":{"allow":["GET"]}}],"collection":[{"href":"https:\/\/www.ccmboutique.ro\/ro\/wp-json\/wp\/v2\/product"}],"about":[{"href":"https:\/\/www.ccmboutique.ro\/ro\/wp-json\/wp\/v2\/types\/product"}],"replies":[{"embeddable":true,"href":"https:\/\/www.ccmboutique.ro\/ro\/wp-json\/wp\/v2\/comments?post=6533"}],"version-history":[{"count":2,"href":"https:\/\/www.ccmboutique.ro\/ro\/wp-json\/wp\/v2\/product\/6533\/revisions"}],"predecessor-version":[{"id":5539435,"href":"https:\/\/www.ccmboutique.ro\/ro\/wp-json\/wp\/v2\/product\/6533\/revisions\/5539435"}],"wp:featuredmedia":[{"embeddable":true,"href":"https:\/\/www.ccmboutique.ro\/ro\/wp-json\/wp\/v2\/media\/5530075"}],"wp:attachment":[{"href":"https:\/\/www.ccmboutique.ro\/ro\/wp-json\/wp\/v2\/media?parent=6533"}],"wp:term":[{"taxonomy":"product_cat","embeddable":true,"href":"https:\/\/www.ccmboutique.ro\/ro\/wp-json\/wp\/v2\/product_cat?post=6533"},{"taxonomy":"product_tag","embeddable":true,"href":"https:\/\/www.ccmboutique.ro\/ro\/wp-json\/wp\/v2\/product_tag?post=6533"}],"curies":[{"name":"wp","href":"https:\/\/api.w.org\/{rel}","templated":true}]}}