{"id":6513,"date":"2022-03-14T00:02:36","date_gmt":"2022-03-13T22:02:36","guid":{"rendered":"https:\/\/www.ccmboutique.ro\/?post_type=product&#038;p=6513"},"modified":"2024-02-20T15:47:15","modified_gmt":"2024-02-20T13:47:15","slug":"blossom-blue-coat-2","status":"publish","type":"product","link":"https:\/\/www.ccmboutique.ro\/ro\/shop\/blossom-blue-coat-2\/","title":{"rendered":"Haina de blana Blossom Blue"},"content":{"rendered":"","protected":false},"excerpt":{"rendered":"<p>Ceea ce por\u021bi este modul \u00een care te prezin\u021bi lumii, mai ales ast\u0103zi, c\u00e2nd contactele umane sunt at\u00e2t de rapide. Moda este un limbaj instantaneu.<\/p>\n<p>Piele natural\u0103 \u00eentre p\u0103r\u021bile din blan\u0103.<\/p>\n<p>Manoper\u0103 de \u00eenalt\u0103 calitate.<\/p>\n<p class=\"p1\">Cele mai importante produse de investi\u021bie pe care le ve\u021bi face pentru garderoba dvs., cu o durat\u0103 de via\u021b\u0103 lung\u0103 \u0219i o pozi\u021bie atemporal\u0103.<\/p>\n<p class=\"p1\">Explora\u021bi num\u0103rul mare de produse \u0219i colec\u021bii de la CCM Boutique, g\u0103si\u021bi hainele de lux care vi se potrivesc cel mai bine pentru a fi mereu la mod\u0103.<\/p>\n<p class=\"p1\">Pentru un serviciu de comand\u0103 personalizat \u0219i mai multe detalii ne pute\u021bi contacta la numerele de telefon 0040766914884 \/ 0040766914901 \u0219i ve\u021bi avea produse care vor fi realizate cu meticulozitate pentru dumneavoastr\u0103.<\/p>\n","protected":false},"featured_media":5530159,"comment_status":"closed","ping_status":"closed","template":"","meta":[],"product_cat":[444,452],"product_tag":[],"class_list":["post-6513","product","type-product","status-publish","has-post-thumbnail","hentry","product_cat-femei-2","product_cat-haine-din-blana-2"],"acf":[],"_links":{"self":[{"href":"https:\/\/www.ccmboutique.ro\/ro\/wp-json\/wp\/v2\/product\/6513","targetHints":{"allow":["GET"]}}],"collection":[{"href":"https:\/\/www.ccmboutique.ro\/ro\/wp-json\/wp\/v2\/product"}],"about":[{"href":"https:\/\/www.ccmboutique.ro\/ro\/wp-json\/wp\/v2\/types\/product"}],"replies":[{"embeddable":true,"href":"https:\/\/www.ccmboutique.ro\/ro\/wp-json\/wp\/v2\/comments?post=6513"}],"version-history":[{"count":1,"href":"https:\/\/www.ccmboutique.ro\/ro\/wp-json\/wp\/v2\/product\/6513\/revisions"}],"predecessor-version":[{"id":5525353,"href":"https:\/\/www.ccmboutique.ro\/ro\/wp-json\/wp\/v2\/product\/6513\/revisions\/5525353"}],"wp:featuredmedia":[{"embeddable":true,"href":"https:\/\/www.ccmboutique.ro\/ro\/wp-json\/wp\/v2\/media\/5530159"}],"wp:attachment":[{"href":"https:\/\/www.ccmboutique.ro\/ro\/wp-json\/wp\/v2\/media?parent=6513"}],"wp:term":[{"taxonomy":"product_cat","embeddable":true,"href":"https:\/\/www.ccmboutique.ro\/ro\/wp-json\/wp\/v2\/product_cat?post=6513"},{"taxonomy":"product_tag","embeddable":true,"href":"https:\/\/www.ccmboutique.ro\/ro\/wp-json\/wp\/v2\/product_tag?post=6513"}],"curies":[{"name":"wp","href":"https:\/\/api.w.org\/{rel}","templated":true}]}}