{"id":6509,"date":"2022-03-13T22:38:58","date_gmt":"2022-03-13T20:38:58","guid":{"rendered":"https:\/\/www.ccmboutique.ro\/?post_type=product&#038;p=6509"},"modified":"2024-02-20T15:47:11","modified_gmt":"2024-02-20T13:47:11","slug":"sisel-camila-blana","status":"publish","type":"product","link":"https:\/\/www.ccmboutique.ro\/ro\/shop\/sisel-camila-blana\/","title":{"rendered":"Haina de blana Sisel Camel"},"content":{"rendered":"","protected":false},"excerpt":{"rendered":"<p class=\"p1\">Siluetele din colec\u021bia de piele pentru femei CCM Boutique aduc o senza\u021bie de lux \u00een \u021binutele tale de zi cu zi.<\/p>\n<p><span class=\"Y2IQFc\" lang=\"en\">O hain\u0103 de blan\u0103 natural\u0103 de vulpe, calduroasa , durabil\u0103 \u0219i unic\u0103. Nu trebuie sa lipseasca din garderoba nici unei femei.<\/span><\/p>\n<p>Piele natural\u0103 \u00eentre p\u0103r\u021bile de blan\u0103.<\/p>\n<p>Me\u0219te\u0219uguri de \u00eenalt\u0103 calitate, croitorie excep\u021bional\u0103.<\/p>\n<p>Blana si piele 100% naturale.<\/p>\n<p>Se poate realiza la comanda pe orice marime.<\/p>\n<p>Disponibila \u00een mai multe culori.<\/p>\n<p>Pentru comenzi \u0219i mai multe informa\u021bii, ne pute\u021bi contacta prin telefon la 0040766914884  0040766914901<\/p>\n","protected":false},"featured_media":5530134,"comment_status":"closed","ping_status":"closed","template":"","meta":[],"product_cat":[444,452],"product_tag":[],"class_list":["post-6509","product","type-product","status-publish","has-post-thumbnail","hentry","product_cat-femei-2","product_cat-haine-din-blana-2"],"acf":[],"_links":{"self":[{"href":"https:\/\/www.ccmboutique.ro\/ro\/wp-json\/wp\/v2\/product\/6509","targetHints":{"allow":["GET"]}}],"collection":[{"href":"https:\/\/www.ccmboutique.ro\/ro\/wp-json\/wp\/v2\/product"}],"about":[{"href":"https:\/\/www.ccmboutique.ro\/ro\/wp-json\/wp\/v2\/types\/product"}],"replies":[{"embeddable":true,"href":"https:\/\/www.ccmboutique.ro\/ro\/wp-json\/wp\/v2\/comments?post=6509"}],"version-history":[{"count":1,"href":"https:\/\/www.ccmboutique.ro\/ro\/wp-json\/wp\/v2\/product\/6509\/revisions"}],"predecessor-version":[{"id":5525349,"href":"https:\/\/www.ccmboutique.ro\/ro\/wp-json\/wp\/v2\/product\/6509\/revisions\/5525349"}],"wp:featuredmedia":[{"embeddable":true,"href":"https:\/\/www.ccmboutique.ro\/ro\/wp-json\/wp\/v2\/media\/5530134"}],"wp:attachment":[{"href":"https:\/\/www.ccmboutique.ro\/ro\/wp-json\/wp\/v2\/media?parent=6509"}],"wp:term":[{"taxonomy":"product_cat","embeddable":true,"href":"https:\/\/www.ccmboutique.ro\/ro\/wp-json\/wp\/v2\/product_cat?post=6509"},{"taxonomy":"product_tag","embeddable":true,"href":"https:\/\/www.ccmboutique.ro\/ro\/wp-json\/wp\/v2\/product_tag?post=6509"}],"curies":[{"name":"wp","href":"https:\/\/api.w.org\/{rel}","templated":true}]}}