{"id":6507,"date":"2022-03-08T23:07:41","date_gmt":"2022-03-08T21:07:41","guid":{"rendered":"https:\/\/www.ccmboutique.ro\/?post_type=product&#038;p=6507"},"modified":"2024-02-20T15:47:09","modified_gmt":"2024-02-20T13:47:09","slug":"dione-blana-vest","status":"publish","type":"product","link":"https:\/\/www.ccmboutique.ro\/ro\/shop\/dione-blana-vest\/","title":{"rendered":"Vest\u0103 de blan\u0103 Dione"},"content":{"rendered":"","protected":false},"excerpt":{"rendered":"<p>O vest\u0103 de blan\u0103 adaug\u0103 o not\u0103 de lux oric\u0103rei \u021binute.<\/p>\n<p class=\"p1\">Colec\u021bii atemporale realizate din materiale luxoase.<\/p>\n<p class=\"p1\">Cele mai importante produse de investi\u021bie pe care le ve\u021bi face pentru garderoba dvs., cu o durat\u0103 de via\u021b\u0103 lung\u0103 \u0219i o pozi\u021bie atemporal\u0103.<\/p>\n<p class=\"p1\">Explora\u021bi num\u0103rul mare de produse \u0219i colec\u021bii de la CCM Boutique, g\u0103si\u021bi hainele de lux care vi se potrivesc cel mai bine pentru a fi mereu la mod\u0103.<\/p>\n<p><span class=\"Y2IQFc\" lang=\"en\">Gam\u0103 larg\u0103 de culori, pot fi f\u0103cute pe orice lungime,<\/span><span class=\"Y2IQFc\" lang=\"en\">\u00eenchiderea poate fi cu fermoar sau capse.<\/span><\/p>\n<p class=\"p1\">V\u0103 pute\u021bi bucura de un serviciu privilegiat de croitorie individual\u0103.<\/p>\n<p class=\"p1\">Jachetele vor fi fabricate exclusiv pentru dumneavoastr\u0103: de la modelul potrivit pentru silueta dumneavoastr\u0103 p\u00e2n\u0103 la tonul \u0219i textura.<\/p>\n<p class=\"p1\">Un produs exclusivist va flata silueta \u0219i va reflecta stilul t\u0103u.<\/p>\n<p class=\"p1\">Pentru un serviciu de comand\u0103 personalizat \u0219i mai multe detalii ne pute\u021bi contacta la numerele de telefon 0040766914884 \/ 0040766914901 \u0219i ve\u021bi avea produse care vor fi realizate cu minu\u021biozitate pentru dvs.<\/p>\n","protected":false},"featured_media":5529905,"comment_status":"closed","ping_status":"closed","template":"","meta":[],"product_cat":[444,456],"product_tag":[],"class_list":["post-6507","product","type-product","status-publish","has-post-thumbnail","hentry","product_cat-femei-2","product_cat-veste-din-blana-2"],"acf":[],"_links":{"self":[{"href":"https:\/\/www.ccmboutique.ro\/ro\/wp-json\/wp\/v2\/product\/6507","targetHints":{"allow":["GET"]}}],"collection":[{"href":"https:\/\/www.ccmboutique.ro\/ro\/wp-json\/wp\/v2\/product"}],"about":[{"href":"https:\/\/www.ccmboutique.ro\/ro\/wp-json\/wp\/v2\/types\/product"}],"replies":[{"embeddable":true,"href":"https:\/\/www.ccmboutique.ro\/ro\/wp-json\/wp\/v2\/comments?post=6507"}],"version-history":[{"count":1,"href":"https:\/\/www.ccmboutique.ro\/ro\/wp-json\/wp\/v2\/product\/6507\/revisions"}],"predecessor-version":[{"id":5525347,"href":"https:\/\/www.ccmboutique.ro\/ro\/wp-json\/wp\/v2\/product\/6507\/revisions\/5525347"}],"wp:featuredmedia":[{"embeddable":true,"href":"https:\/\/www.ccmboutique.ro\/ro\/wp-json\/wp\/v2\/media\/5529905"}],"wp:attachment":[{"href":"https:\/\/www.ccmboutique.ro\/ro\/wp-json\/wp\/v2\/media?parent=6507"}],"wp:term":[{"taxonomy":"product_cat","embeddable":true,"href":"https:\/\/www.ccmboutique.ro\/ro\/wp-json\/wp\/v2\/product_cat?post=6507"},{"taxonomy":"product_tag","embeddable":true,"href":"https:\/\/www.ccmboutique.ro\/ro\/wp-json\/wp\/v2\/product_tag?post=6507"}],"curies":[{"name":"wp","href":"https:\/\/api.w.org\/{rel}","templated":true}]}}