{"id":6463,"date":"2022-02-28T00:41:20","date_gmt":"2022-02-27T22:41:20","guid":{"rendered":"https:\/\/www.ccmboutique.ro\/?post_type=product&#038;p=6463"},"modified":"2024-02-20T15:46:42","modified_gmt":"2024-02-20T13:46:42","slug":"kiana-jacheta-de-piele-crem-deschis","status":"publish","type":"product","link":"https:\/\/www.ccmboutique.ro\/ro\/shop\/kiana-jacheta-de-piele-crem-deschis\/","title":{"rendered":"Jachet\u0103 Crem KIANA"},"content":{"rendered":"","protected":false},"excerpt":{"rendered":"<p class=\"p1\">Explora\u021bi num\u0103rul mare de produse \u0219i colec\u021bii de la CCM Boutique, g\u0103si\u021bi hainele de lux care vi se potrivesc cel mai bine pentru a fi mereu la mod\u0103.<\/p>\n<p class=\"p1\"><span class=\"Apple-converted-space\">Calitatea este \u00eens\u0103\u0219i esen\u021ba unei jachete CCM Boutique, realizat\u0103 din materiale selecte pentru a crea jachete care sunt opere de art\u0103 de neegalat \u00een sine.<\/span><\/p>\n<p>Pentru comenzi \u0219i mai multe informa\u021bii, ne pute\u021bi contacta prin telefon la 0040766914884  0040766914901<\/p>\n<pre id=\"tw-target-text\" class=\"tw-data-text tw-text-large tw-ta\" dir=\"ltr\" data-placeholder=\"Traducere\"><span class=\"Y2IQFc\" lang=\"en\"> <\/span><\/pre>\n","protected":false},"featured_media":5529350,"comment_status":"closed","ping_status":"closed","template":"","meta":[],"product_cat":[444,453],"product_tag":[],"class_list":["post-6463","product","type-product","status-publish","has-post-thumbnail","hentry","product_cat-femei-2","product_cat-jachete-din-piele-naturala"],"acf":[],"_links":{"self":[{"href":"https:\/\/www.ccmboutique.ro\/ro\/wp-json\/wp\/v2\/product\/6463","targetHints":{"allow":["GET"]}}],"collection":[{"href":"https:\/\/www.ccmboutique.ro\/ro\/wp-json\/wp\/v2\/product"}],"about":[{"href":"https:\/\/www.ccmboutique.ro\/ro\/wp-json\/wp\/v2\/types\/product"}],"replies":[{"embeddable":true,"href":"https:\/\/www.ccmboutique.ro\/ro\/wp-json\/wp\/v2\/comments?post=6463"}],"version-history":[{"count":1,"href":"https:\/\/www.ccmboutique.ro\/ro\/wp-json\/wp\/v2\/product\/6463\/revisions"}],"predecessor-version":[{"id":5525326,"href":"https:\/\/www.ccmboutique.ro\/ro\/wp-json\/wp\/v2\/product\/6463\/revisions\/5525326"}],"wp:featuredmedia":[{"embeddable":true,"href":"https:\/\/www.ccmboutique.ro\/ro\/wp-json\/wp\/v2\/media\/5529350"}],"wp:attachment":[{"href":"https:\/\/www.ccmboutique.ro\/ro\/wp-json\/wp\/v2\/media?parent=6463"}],"wp:term":[{"taxonomy":"product_cat","embeddable":true,"href":"https:\/\/www.ccmboutique.ro\/ro\/wp-json\/wp\/v2\/product_cat?post=6463"},{"taxonomy":"product_tag","embeddable":true,"href":"https:\/\/www.ccmboutique.ro\/ro\/wp-json\/wp\/v2\/product_tag?post=6463"}],"curies":[{"name":"wp","href":"https:\/\/api.w.org\/{rel}","templated":true}]}}