{"id":6453,"date":"2022-03-07T17:49:39","date_gmt":"2022-03-07T15:49:39","guid":{"rendered":"https:\/\/www.ccmboutique.ro\/?post_type=product&#038;p=6453"},"modified":"2024-02-20T15:46:36","modified_gmt":"2024-02-20T13:46:36","slug":"alb-tricot-cardigan","status":"publish","type":"product","link":"https:\/\/www.ccmboutique.ro\/ro\/shop\/alb-tricot-cardigan\/","title":{"rendered":"Tricot Alb"},"content":{"rendered":"","protected":false},"excerpt":{"rendered":"<p><span class=\"Y2IQFc\" lang=\"en\">Cardigan lung tricotat cu glug\u0103 care ofer\u0103 protec\u021bie suplimentar\u0103.<\/span><\/p>\n<p><span class=\"Y2IQFc\" lang=\"en\">100% blan\u0103 natural\u0103.<\/span><\/p>\n<p>Moale, respirabil, elastic, calduros \u0219i confortabil de purtat.<\/p>\n<p>Lungimea standard este de aproximativ 130 cm.<\/p>\n<p><span class=\"Y2IQFc\" lang=\"en\">Disponibil \u00een mai multe culori.<\/span><\/p>\n<p><span class=\"Y2IQFc\" lang=\"en\">Calitate garantat\u0103<\/span>, <span class=\"Y2IQFc\" lang=\"en\">produsele arat\u0103 la fel ca \u00een imagini.<\/span><\/p>\n<p>Folosim numai materiale de cea mai bun\u0103 calitate, \u00eencerc\u00e2nd mereu s\u0103 cre\u0103m idei interesante pentru a v\u0103 face stilul unic.<\/p>\n<p>Instructiuni de spalare: curatatorie specializata.<\/p>\n<p>Pentru comenzi \u0219i mai multe informa\u021bii, ne pute\u021bi contacta la num\u0103rul de telefon 0040766914884  0040766914901.<\/p>\n","protected":false},"featured_media":5529698,"comment_status":"closed","ping_status":"closed","template":"","meta":[],"product_cat":[444,445],"product_tag":[],"class_list":["post-6453","product","type-product","status-publish","has-post-thumbnail","hentry","product_cat-femei-2","product_cat-tricoturi-cu-blana-2"],"acf":[],"_links":{"self":[{"href":"https:\/\/www.ccmboutique.ro\/ro\/wp-json\/wp\/v2\/product\/6453","targetHints":{"allow":["GET"]}}],"collection":[{"href":"https:\/\/www.ccmboutique.ro\/ro\/wp-json\/wp\/v2\/product"}],"about":[{"href":"https:\/\/www.ccmboutique.ro\/ro\/wp-json\/wp\/v2\/types\/product"}],"replies":[{"embeddable":true,"href":"https:\/\/www.ccmboutique.ro\/ro\/wp-json\/wp\/v2\/comments?post=6453"}],"version-history":[{"count":1,"href":"https:\/\/www.ccmboutique.ro\/ro\/wp-json\/wp\/v2\/product\/6453\/revisions"}],"predecessor-version":[{"id":5525321,"href":"https:\/\/www.ccmboutique.ro\/ro\/wp-json\/wp\/v2\/product\/6453\/revisions\/5525321"}],"wp:featuredmedia":[{"embeddable":true,"href":"https:\/\/www.ccmboutique.ro\/ro\/wp-json\/wp\/v2\/media\/5529698"}],"wp:attachment":[{"href":"https:\/\/www.ccmboutique.ro\/ro\/wp-json\/wp\/v2\/media?parent=6453"}],"wp:term":[{"taxonomy":"product_cat","embeddable":true,"href":"https:\/\/www.ccmboutique.ro\/ro\/wp-json\/wp\/v2\/product_cat?post=6453"},{"taxonomy":"product_tag","embeddable":true,"href":"https:\/\/www.ccmboutique.ro\/ro\/wp-json\/wp\/v2\/product_tag?post=6453"}],"curies":[{"name":"wp","href":"https:\/\/api.w.org\/{rel}","templated":true}]}}