{"id":6435,"date":"2022-03-01T00:30:10","date_gmt":"2022-02-28T22:30:10","guid":{"rendered":"https:\/\/www.ccmboutique.ro\/?post_type=product&#038;p=6435"},"modified":"2024-02-20T15:46:23","modified_gmt":"2024-02-20T13:46:23","slug":"marciana-cashmere-coat-2","status":"publish","type":"product","link":"https:\/\/www.ccmboutique.ro\/ro\/shop\/marciana-cashmere-coat-2\/","title":{"rendered":"Palton MARCIANA Cashmere"},"content":{"rendered":"","protected":false},"excerpt":{"rendered":"<p class=\"p1\">Palton din lana de ca\u0219mir accesorizat cu blan\u0103 natural\u0103 de vulpe.<\/p>\n<p class=\"p2\">Este un model vestimentar foarte c\u0103lduros \u0219i practic, datorit\u0103 faptului c\u0103 blana este detasabila.<\/p>\n<p class=\"p1\">Fiecare produs este realizat manual cu l\u00e2n\u0103 \u0219i blan\u0103 100% natural\u0103.<\/p>\n<p><span class=\"Y2IQFc\" lang=\"en\">O hain\u0103 calduroasa, rezistent\u0103 \u0219i unic\u0103. Nu trebuie s\u0103 lipseasc\u0103 din garderoba niciunei femei.<\/span><\/p>\n<p class=\"p1\">Poate fi f\u0103cut la comand\u0103 pe orice m\u0103sur\u0103, disponibil \u00een mai multe culori.<\/p>\n<p class=\"p1\">Folosim doar materiale \u0219i accesorii de cea mai bun\u0103 calitate, \u00eencerc\u00e2nd mereu s\u0103 cre\u0103m idei interesante pentru a v\u0103 face stilul unic, personalizat, calitate superioar\u0103.<\/p>\n<p class=\"p2\">Pentru m\u0103suri personalizate, putem lucra pe baz\u0103 de comand\u0103.<\/p>\n<p class=\"p2\">Pentru orice informa\u021bii suplimentare, v\u0103 st\u0103m la dispozi\u021bie <span class=\"s1\">\ud83d\udcde 0040766914884<\/span> 0040766914884<span class=\"Apple-converted-space\"> <\/span>\/<span class=\"Apple-converted-space\"> <\/span>0040766914901.<\/p>\n","protected":false},"featured_media":5529637,"comment_status":"closed","ping_status":"closed","template":"","meta":[],"product_cat":[444,449],"product_tag":[],"class_list":["post-6435","product","type-product","status-publish","has-post-thumbnail","hentry","product_cat-femei-2","product_cat-haine-din-lana-casmir-alpaca-2"],"acf":[],"_links":{"self":[{"href":"https:\/\/www.ccmboutique.ro\/ro\/wp-json\/wp\/v2\/product\/6435","targetHints":{"allow":["GET"]}}],"collection":[{"href":"https:\/\/www.ccmboutique.ro\/ro\/wp-json\/wp\/v2\/product"}],"about":[{"href":"https:\/\/www.ccmboutique.ro\/ro\/wp-json\/wp\/v2\/types\/product"}],"replies":[{"embeddable":true,"href":"https:\/\/www.ccmboutique.ro\/ro\/wp-json\/wp\/v2\/comments?post=6435"}],"version-history":[{"count":1,"href":"https:\/\/www.ccmboutique.ro\/ro\/wp-json\/wp\/v2\/product\/6435\/revisions"}],"predecessor-version":[{"id":5525314,"href":"https:\/\/www.ccmboutique.ro\/ro\/wp-json\/wp\/v2\/product\/6435\/revisions\/5525314"}],"wp:featuredmedia":[{"embeddable":true,"href":"https:\/\/www.ccmboutique.ro\/ro\/wp-json\/wp\/v2\/media\/5529637"}],"wp:attachment":[{"href":"https:\/\/www.ccmboutique.ro\/ro\/wp-json\/wp\/v2\/media?parent=6435"}],"wp:term":[{"taxonomy":"product_cat","embeddable":true,"href":"https:\/\/www.ccmboutique.ro\/ro\/wp-json\/wp\/v2\/product_cat?post=6435"},{"taxonomy":"product_tag","embeddable":true,"href":"https:\/\/www.ccmboutique.ro\/ro\/wp-json\/wp\/v2\/product_tag?post=6435"}],"curies":[{"name":"wp","href":"https:\/\/api.w.org\/{rel}","templated":true}]}}