{"id":6431,"date":"2022-03-02T21:31:54","date_gmt":"2022-03-02T19:31:54","guid":{"rendered":"https:\/\/www.ccmboutique.ro\/?post_type=product&#038;p=6431"},"modified":"2024-02-20T15:46:19","modified_gmt":"2024-02-20T13:46:19","slug":"lowri-gri-tricot-pulover","status":"publish","type":"product","link":"https:\/\/www.ccmboutique.ro\/ro\/shop\/lowri-gri-tricot-pulover\/","title":{"rendered":"Tricot Lowri"},"content":{"rendered":"","protected":false},"excerpt":{"rendered":"<p>Bucuria de a te \u00eembr\u0103ca este o art\u0103.<\/p>\n<p>Soft, respirabil, elastic, cald \u0219i confortabil de purtat, pulover tricotat.<\/p>\n<p><span class=\"Y2IQFc\" lang=\"en\">Disponibil \u00een mai multe culori.<\/span><\/p>\n<p><span class=\"Y2IQFc\" lang=\"en\">Folosim blan\u0103 100% natural\u0103.<\/span><\/p>\n<p><span class=\"Y2IQFc\" lang=\"en\">Calitate garantat\u0103, produsele<\/span><span class=\"Y2IQFc\" lang=\"en\"> arat\u0103 la fel ca \u00een imagini.<\/span><\/p>\n<p>Detaliile conteaz\u0103, calitatea inainte de orice.<\/p>\n<p>Folosim numai materiale de cea mai bun\u0103 calitate, \u00eencerc\u00e2nd mereu s\u0103 cre\u0103m idei interesante pentru a v\u0103 face stilul unic.<\/p>\n<p>Instructiuni de spalare: curatatorie specializata.<\/p>\n<p>Pentru comenzi \u0219i mai multe informa\u021bii, ne pute\u021bi contacta la num\u0103rul de telefon 0040766914884  0040766914901.<\/p>\n","protected":false},"featured_media":5529693,"comment_status":"closed","ping_status":"closed","template":"","meta":[],"product_cat":[444,445],"product_tag":[],"class_list":["post-6431","product","type-product","status-publish","has-post-thumbnail","hentry","product_cat-femei-2","product_cat-tricoturi-cu-blana-2"],"acf":[],"_links":{"self":[{"href":"https:\/\/www.ccmboutique.ro\/ro\/wp-json\/wp\/v2\/product\/6431","targetHints":{"allow":["GET"]}}],"collection":[{"href":"https:\/\/www.ccmboutique.ro\/ro\/wp-json\/wp\/v2\/product"}],"about":[{"href":"https:\/\/www.ccmboutique.ro\/ro\/wp-json\/wp\/v2\/types\/product"}],"replies":[{"embeddable":true,"href":"https:\/\/www.ccmboutique.ro\/ro\/wp-json\/wp\/v2\/comments?post=6431"}],"version-history":[{"count":1,"href":"https:\/\/www.ccmboutique.ro\/ro\/wp-json\/wp\/v2\/product\/6431\/revisions"}],"predecessor-version":[{"id":5525310,"href":"https:\/\/www.ccmboutique.ro\/ro\/wp-json\/wp\/v2\/product\/6431\/revisions\/5525310"}],"wp:featuredmedia":[{"embeddable":true,"href":"https:\/\/www.ccmboutique.ro\/ro\/wp-json\/wp\/v2\/media\/5529693"}],"wp:attachment":[{"href":"https:\/\/www.ccmboutique.ro\/ro\/wp-json\/wp\/v2\/media?parent=6431"}],"wp:term":[{"taxonomy":"product_cat","embeddable":true,"href":"https:\/\/www.ccmboutique.ro\/ro\/wp-json\/wp\/v2\/product_cat?post=6431"},{"taxonomy":"product_tag","embeddable":true,"href":"https:\/\/www.ccmboutique.ro\/ro\/wp-json\/wp\/v2\/product_tag?post=6431"}],"curies":[{"name":"wp","href":"https:\/\/api.w.org\/{rel}","templated":true}]}}