{"id":6429,"date":"2022-03-07T18:27:15","date_gmt":"2022-03-07T16:27:15","guid":{"rendered":"https:\/\/www.ccmboutique.ro\/?post_type=product&#038;p=6429"},"modified":"2024-10-03T09:03:56","modified_gmt":"2024-10-03T06:03:56","slug":"elmira-tricot-cardigan","status":"publish","type":"product","link":"https:\/\/www.ccmboutique.ro\/ro\/shop\/elmira-tricot-cardigan\/","title":{"rendered":"Tricot Elmira"},"content":{"rendered":"","protected":false},"excerpt":{"rendered":"<p>Cump\u0103ra mai pu\u021bin. Alege bine. F\u0103 s\u0103 \u021bin\u0103 c\u00e2t mai mult. Calitate, nu cantitate. <span class=\"Y2IQFc\" lang=\"en\">Cardigan lung tricotat cu o glug\u0103 care ofer\u0103 protec\u021bie suplimentar\u0103.<\/span><span class=\"Y2IQFc\" lang=\"en\">100% blan\u0103 natural\u0103<\/span> Moale, respirabil, elastic, cald \u0219i confortabil de purtat.<br \/>\nLungimea standard este de aproximativ 130 cm. <span class=\"Y2IQFc\" lang=\"en\">Disponibil \u00een mai multe culori.<\/span><span class=\"Y2IQFc\" lang=\"en\">calitate garantat\u0103 ,<\/span><span class=\"Y2IQFc\" lang=\"en\">produsele arat\u0103 la fel ca \u00een poze.<\/span> Detaliile conteaz\u0103 , calitatea mai presus de orice.  Folosim numai materiale de cea mai bun\u0103 calitate, \u00eencerc\u00e2nd mereu s\u0103 cre\u0103m idei interesante pentru a v\u0103 face stilul unic. Instructiuni de spalare: curatatorie specializata. Pentru comenzi si mai multe detalii despre culori , preturi si alte modele, ne puteti contacta la nr de tel : 0040766914884 \/ 0040766914901.<\/p>\n","protected":false},"featured_media":5529726,"comment_status":"closed","ping_status":"closed","template":"","meta":[],"product_cat":[444,445],"product_tag":[],"class_list":["post-6429","product","type-product","status-publish","has-post-thumbnail","hentry","product_cat-femei-2","product_cat-tricoturi-cu-blana-2"],"acf":[],"_links":{"self":[{"href":"https:\/\/www.ccmboutique.ro\/ro\/wp-json\/wp\/v2\/product\/6429","targetHints":{"allow":["GET"]}}],"collection":[{"href":"https:\/\/www.ccmboutique.ro\/ro\/wp-json\/wp\/v2\/product"}],"about":[{"href":"https:\/\/www.ccmboutique.ro\/ro\/wp-json\/wp\/v2\/types\/product"}],"replies":[{"embeddable":true,"href":"https:\/\/www.ccmboutique.ro\/ro\/wp-json\/wp\/v2\/comments?post=6429"}],"version-history":[{"count":2,"href":"https:\/\/www.ccmboutique.ro\/ro\/wp-json\/wp\/v2\/product\/6429\/revisions"}],"predecessor-version":[{"id":5538402,"href":"https:\/\/www.ccmboutique.ro\/ro\/wp-json\/wp\/v2\/product\/6429\/revisions\/5538402"}],"wp:featuredmedia":[{"embeddable":true,"href":"https:\/\/www.ccmboutique.ro\/ro\/wp-json\/wp\/v2\/media\/5529726"}],"wp:attachment":[{"href":"https:\/\/www.ccmboutique.ro\/ro\/wp-json\/wp\/v2\/media?parent=6429"}],"wp:term":[{"taxonomy":"product_cat","embeddable":true,"href":"https:\/\/www.ccmboutique.ro\/ro\/wp-json\/wp\/v2\/product_cat?post=6429"},{"taxonomy":"product_tag","embeddable":true,"href":"https:\/\/www.ccmboutique.ro\/ro\/wp-json\/wp\/v2\/product_tag?post=6429"}],"curies":[{"name":"wp","href":"https:\/\/api.w.org\/{rel}","templated":true}]}}