{"id":6414,"date":"2022-03-07T19:59:18","date_gmt":"2022-03-07T17:59:18","guid":{"rendered":"https:\/\/www.ccmboutique.ro\/?post_type=product&#038;p=6414"},"modified":"2024-02-20T15:46:12","modified_gmt":"2024-02-20T13:46:12","slug":"cardigan-shelley-bordeaux-tricot","status":"publish","type":"product","link":"https:\/\/www.ccmboutique.ro\/ro\/shop\/cardigan-shelley-bordeaux-tricot\/","title":{"rendered":"Tricot Shelley"},"content":{"rendered":"","protected":false},"excerpt":{"rendered":"<p>Nu avem nevoie de mod\u0103 pentru a supravie\u021bui, doar c\u0103 o dorim at\u00e2t de mult.<\/p>\n<p><span class=\"Y2IQFc\" lang=\"en\">Cardigan lung tricotat cu glug\u0103 care ofer\u0103 protec\u021bie suplimentar\u0103, <\/span><span class=\"Y2IQFc\" lang=\"en\">100% blan\u0103 natural\u0103.<\/span><\/p>\n<p>Soft, respirabil, elastic, cald \u0219i confortabil de purtat, lungimea standard este de aproximativ 130 cm,<span class=\"Y2IQFc\" lang=\"en\">disponibil \u00een mai multe culori<\/span><span class=\"Y2IQFc\" lang=\"en\">.<\/span><\/p>\n<p><span class=\"Y2IQFc\" lang=\"en\">Calitate garantat\u0103, produsele<\/span><span class=\"Y2IQFc\" lang=\"en\"> arat\u0103 la fel ca \u00een imagini.<\/span><\/p>\n<p>Detaliile conteaz\u0103, calitatea inainte de orice.<\/p>\n<p>Folosim numai materiale de cea mai bun\u0103 calitate, \u00eencerc\u00e2nd mereu s\u0103 cre\u0103m idei interesante pentru a v\u0103 face stilul unic.<\/p>\n<p>Instructiuni de spalare: curatatorie specializata.<\/p>\n<p>Pentru comenzi \u0219i mai multe informa\u021bii, ne pute\u021bi contacta prin telefon la 0040766914884  0040766914901<\/p>\n","protected":false},"featured_media":5529774,"comment_status":"closed","ping_status":"closed","template":"","meta":[],"product_cat":[444,445],"product_tag":[],"class_list":["post-6414","product","type-product","status-publish","has-post-thumbnail","hentry","product_cat-femei-2","product_cat-tricoturi-cu-blana-2"],"acf":[],"_links":{"self":[{"href":"https:\/\/www.ccmboutique.ro\/ro\/wp-json\/wp\/v2\/product\/6414","targetHints":{"allow":["GET"]}}],"collection":[{"href":"https:\/\/www.ccmboutique.ro\/ro\/wp-json\/wp\/v2\/product"}],"about":[{"href":"https:\/\/www.ccmboutique.ro\/ro\/wp-json\/wp\/v2\/types\/product"}],"replies":[{"embeddable":true,"href":"https:\/\/www.ccmboutique.ro\/ro\/wp-json\/wp\/v2\/comments?post=6414"}],"version-history":[{"count":1,"href":"https:\/\/www.ccmboutique.ro\/ro\/wp-json\/wp\/v2\/product\/6414\/revisions"}],"predecessor-version":[{"id":5525304,"href":"https:\/\/www.ccmboutique.ro\/ro\/wp-json\/wp\/v2\/product\/6414\/revisions\/5525304"}],"wp:featuredmedia":[{"embeddable":true,"href":"https:\/\/www.ccmboutique.ro\/ro\/wp-json\/wp\/v2\/media\/5529774"}],"wp:attachment":[{"href":"https:\/\/www.ccmboutique.ro\/ro\/wp-json\/wp\/v2\/media?parent=6414"}],"wp:term":[{"taxonomy":"product_cat","embeddable":true,"href":"https:\/\/www.ccmboutique.ro\/ro\/wp-json\/wp\/v2\/product_cat?post=6414"},{"taxonomy":"product_tag","embeddable":true,"href":"https:\/\/www.ccmboutique.ro\/ro\/wp-json\/wp\/v2\/product_tag?post=6414"}],"curies":[{"name":"wp","href":"https:\/\/api.w.org\/{rel}","templated":true}]}}