{"id":6413,"date":"2022-03-02T21:27:20","date_gmt":"2022-03-02T19:27:20","guid":{"rendered":"https:\/\/www.ccmboutique.ro\/?post_type=product&#038;p=6413"},"modified":"2024-02-20T15:46:11","modified_gmt":"2024-02-20T13:46:11","slug":"hirune-albastru-gri-tricot-pulover","status":"publish","type":"product","link":"https:\/\/www.ccmboutique.ro\/ro\/shop\/hirune-albastru-gri-tricot-pulover\/","title":{"rendered":"Tricot Hirune"},"content":{"rendered":"","protected":false},"excerpt":{"rendered":"<p>Ceea ce por\u021bi este modul \u00een care te prezin\u021bi lumii, mai ales ast\u0103zi, c\u00e2nd contactele umane sunt at\u00e2t de rapide.<\/p>\n<p>Moda este un limbaj instantaneu.<\/p>\n<p>Soft, respirabil, elastic, cald \u0219i confortabil de purtat, pulover tricotat,<span class=\"Y2IQFc\" lang=\"en\">disponibil \u00een mai multe culori<\/span>.<\/p>\n<p><span class=\"Y2IQFc\" lang=\"en\">Folosim blan\u0103 100% natural\u0103.<\/span><\/p>\n<p>Instructiuni de spalare: curatatorie specializata.<\/p>\n<p>Pentru comenzi \u0219i mai multe informa\u021bii, ne pute\u021bi contacta la num\u0103rul de telefon 0040766914884  0040766914901.<\/p>\n","protected":false},"featured_media":5529686,"comment_status":"closed","ping_status":"closed","template":"","meta":[],"product_cat":[444,445],"product_tag":[],"class_list":["post-6413","product","type-product","status-publish","has-post-thumbnail","hentry","product_cat-femei-2","product_cat-tricoturi-cu-blana-2"],"acf":[],"_links":{"self":[{"href":"https:\/\/www.ccmboutique.ro\/ro\/wp-json\/wp\/v2\/product\/6413","targetHints":{"allow":["GET"]}}],"collection":[{"href":"https:\/\/www.ccmboutique.ro\/ro\/wp-json\/wp\/v2\/product"}],"about":[{"href":"https:\/\/www.ccmboutique.ro\/ro\/wp-json\/wp\/v2\/types\/product"}],"replies":[{"embeddable":true,"href":"https:\/\/www.ccmboutique.ro\/ro\/wp-json\/wp\/v2\/comments?post=6413"}],"version-history":[{"count":1,"href":"https:\/\/www.ccmboutique.ro\/ro\/wp-json\/wp\/v2\/product\/6413\/revisions"}],"predecessor-version":[{"id":5525303,"href":"https:\/\/www.ccmboutique.ro\/ro\/wp-json\/wp\/v2\/product\/6413\/revisions\/5525303"}],"wp:featuredmedia":[{"embeddable":true,"href":"https:\/\/www.ccmboutique.ro\/ro\/wp-json\/wp\/v2\/media\/5529686"}],"wp:attachment":[{"href":"https:\/\/www.ccmboutique.ro\/ro\/wp-json\/wp\/v2\/media?parent=6413"}],"wp:term":[{"taxonomy":"product_cat","embeddable":true,"href":"https:\/\/www.ccmboutique.ro\/ro\/wp-json\/wp\/v2\/product_cat?post=6413"},{"taxonomy":"product_tag","embeddable":true,"href":"https:\/\/www.ccmboutique.ro\/ro\/wp-json\/wp\/v2\/product_tag?post=6413"}],"curies":[{"name":"wp","href":"https:\/\/api.w.org\/{rel}","templated":true}]}}