{"id":6405,"date":"2022-02-28T23:15:21","date_gmt":"2022-02-28T21:15:21","guid":{"rendered":"https:\/\/www.ccmboutique.ro\/?post_type=product&#038;p=6405"},"modified":"2024-10-01T21:30:34","modified_gmt":"2024-10-01T18:30:34","slug":"ronalda-albastru-electric-palton-piele","status":"publish","type":"product","link":"https:\/\/www.ccmboutique.ro\/ro\/shop\/ronalda-albastru-electric-palton-piele\/","title":{"rendered":"Trench RONALDA Electric Blue"},"content":{"rendered":"","protected":false},"excerpt":{"rendered":"<p>\u00cembr\u0103c\u0103minte de lux.<\/p>\n<p>Cump\u0103ra\u021bi mai pu\u021bin, alege\u021bi cu atentie.<\/p>\n<p>Nu vei trece neobservat\u0103 cu acest palton superb, realizat din piele \u0219i blan\u0103 naturala.<\/p>\n<p>Foarte u\u0219or de asortat cu orice \u021binut\u0103.<\/p>\n<p><span class=\"Y2IQFc\" lang=\"en\">Disponibil \u00een mai multe culori, poate fi f\u0103cut la comand\u0103 pe orice dimensiune.<\/span><\/p>\n<p>95 cm lungime.<\/p>\n<p><span class=\"Y2IQFc\" lang=\"en\">Calitate garantat\u0103 ,<\/span><span class=\"Y2IQFc\" lang=\"en\">produsele arat\u0103 la fel ca \u00een imagini.<\/span><\/p>\n<p>Detaliile conteaz\u0103, calitatea inainte de orice.<\/p>\n<p>Instructiuni de spalare: curatatorie specializata.<\/p>\n<p class=\"p1\">V\u0103 pute\u021bi bucura de un serviciu privilegiat de croitorie individual\u0103.<\/p>\n<p class=\"p1\">Jachetele vor fi fabricate exclusiv pentru dumneavoastr\u0103: de la modelul potrivit pentru silueta dumneavoastr\u0103 p\u00e2n\u0103 la tonul \u0219i textura.<\/p>\n<p class=\"p1\">Un produs exclusivist va flata silueta \u0219i va reflecta stilul t\u0103u.<\/p>\n<p class=\"p1\">Pentru un serviciu de comand\u0103 personalizat \u0219i mai multe detalii ne pute\u021bi contacta la numerele de telefon 0040766914884 \/ 0040766914901 \u0219i ve\u021bi avea produse care vor fi realizate cu minu\u021biozitate pentru dvs.<\/p>\n","protected":false},"featured_media":5529472,"comment_status":"closed","ping_status":"closed","template":"","meta":[],"product_cat":[444,455],"product_tag":[],"class_list":["post-6405","product","type-product","status-publish","has-post-thumbnail","hentry","product_cat-femei-2","product_cat-trenciuri-2"],"acf":[],"_links":{"self":[{"href":"https:\/\/www.ccmboutique.ro\/ro\/wp-json\/wp\/v2\/product\/6405","targetHints":{"allow":["GET"]}}],"collection":[{"href":"https:\/\/www.ccmboutique.ro\/ro\/wp-json\/wp\/v2\/product"}],"about":[{"href":"https:\/\/www.ccmboutique.ro\/ro\/wp-json\/wp\/v2\/types\/product"}],"replies":[{"embeddable":true,"href":"https:\/\/www.ccmboutique.ro\/ro\/wp-json\/wp\/v2\/comments?post=6405"}],"version-history":[{"count":5,"href":"https:\/\/www.ccmboutique.ro\/ro\/wp-json\/wp\/v2\/product\/6405\/revisions"}],"predecessor-version":[{"id":5538331,"href":"https:\/\/www.ccmboutique.ro\/ro\/wp-json\/wp\/v2\/product\/6405\/revisions\/5538331"}],"wp:featuredmedia":[{"embeddable":true,"href":"https:\/\/www.ccmboutique.ro\/ro\/wp-json\/wp\/v2\/media\/5529472"}],"wp:attachment":[{"href":"https:\/\/www.ccmboutique.ro\/ro\/wp-json\/wp\/v2\/media?parent=6405"}],"wp:term":[{"taxonomy":"product_cat","embeddable":true,"href":"https:\/\/www.ccmboutique.ro\/ro\/wp-json\/wp\/v2\/product_cat?post=6405"},{"taxonomy":"product_tag","embeddable":true,"href":"https:\/\/www.ccmboutique.ro\/ro\/wp-json\/wp\/v2\/product_tag?post=6405"}],"curies":[{"name":"wp","href":"https:\/\/api.w.org\/{rel}","templated":true}]}}