{"id":6384,"date":"2022-02-09T12:47:39","date_gmt":"2022-02-09T10:47:39","guid":{"rendered":"https:\/\/www.ccmboutique.ro\/?post_type=product&#038;p=6384"},"modified":"2024-02-20T15:45:47","modified_gmt":"2024-02-20T13:45:47","slug":"jacheta-de-piele-shelle-neagra-impanzita","status":"publish","type":"product","link":"https:\/\/www.ccmboutique.ro\/ro\/shop\/jacheta-de-piele-shelle-neagra-impanzita\/","title":{"rendered":"Jacheta SHELLEY"},"content":{"rendered":"<p class=\"p1\">Colec\u021bia de piele pentru femei CCM Boutique creeaz\u0103 cele mai importante produse de investi\u021bie pe care le ve\u021bi face pentru garderoba dvs., cu durata de via\u021b\u0103 lung\u0103 \u0219i pozi\u021bia atemporal\u0103, \u0219i va aduce o senza\u021bie de lux \u021binutelor dvs. de zi cu zi.<\/p>\n<p class=\"p1\">Fabricata din piele de cea mai bun\u0103 calitate, va face ca orice zi \u00een care o ve\u021bi purta s\u0103 fie foarte special\u0103.<\/p>\n<p class=\"p1\"><span class=\"Apple-converted-space\">Calitatea este \u00eens\u0103\u0219i esen\u021ba unei jachete CCM Boutique.<\/span><\/p>\n<p class=\"p1\">Siluetele din colec\u021bia de piele pentru femei CCM Boutique aduc o senza\u021bie de lux \u00een \u021binutele tale de zi cu zi.<\/p>\n<p class=\"p1\">Colec\u021bii atemporale realizate din materiale luxoase.<\/p>\n<p class=\"p1\">V\u0103 pute\u021bi bucura de un serviciu privilegiat de croitorie individual\u0103.<\/p>\n<p class=\"p1\">Jachetele vor fi fabricate exclusiv pentru dumneavoastr\u0103: de la modelul potrivit pentru silueta dumneavoastr\u0103 p\u00e2n\u0103 la tonul \u0219i textura.<\/p>\n<p class=\"p1\">Un produs exclusivist va flata silueta \u0219i va reflecta stilul t\u0103u.<\/p>\n<p class=\"p1\">Pentru un serviciu de comand\u0103 personalizat \u0219i mai multe detalii ne pute\u021bi contacta la numerele de telefon 0040766914884 \/ 0040766914901 \u0219i ve\u021bi avea produse care vor fi realizate cu minu\u021biozitate pentru dvs.<\/p>\n","protected":false},"excerpt":{"rendered":"<p>Acest model poate fi f\u0103cut pe mai multe culori \u0219i orice dimensiune, putem folosi diferite accesorii.<\/p>\n<p>Folosim doar materiale \u0219i accesorii de cea mai bun\u0103 calitate \u0219i \u00eencerc\u0103m mereu s\u0103 cre\u0103m idei interesante pentru a v\u0103 face stilul unic, personalizat, de calitate superioar\u0103.<\/p>\n<p>Piele natural\u0103 100 % , confec\u021bionat\u0103 manual.<\/p>\n<p>Pentru comenzi \u0219i mai multe detalii despre culori, pre\u021buri \u0219i alte modele personalizate pute\u021bi trimite un mesaj sau suna la 0040766914884  0040766914901<\/p>\n","protected":false},"featured_media":5528831,"comment_status":"closed","ping_status":"closed","template":"","meta":[],"product_cat":[444,453],"product_tag":[],"class_list":["post-6384","product","type-product","status-publish","has-post-thumbnail","hentry","product_cat-femei-2","product_cat-jachete-din-piele-naturala"],"acf":[],"_links":{"self":[{"href":"https:\/\/www.ccmboutique.ro\/ro\/wp-json\/wp\/v2\/product\/6384","targetHints":{"allow":["GET"]}}],"collection":[{"href":"https:\/\/www.ccmboutique.ro\/ro\/wp-json\/wp\/v2\/product"}],"about":[{"href":"https:\/\/www.ccmboutique.ro\/ro\/wp-json\/wp\/v2\/types\/product"}],"replies":[{"embeddable":true,"href":"https:\/\/www.ccmboutique.ro\/ro\/wp-json\/wp\/v2\/comments?post=6384"}],"version-history":[{"count":1,"href":"https:\/\/www.ccmboutique.ro\/ro\/wp-json\/wp\/v2\/product\/6384\/revisions"}],"predecessor-version":[{"id":5525287,"href":"https:\/\/www.ccmboutique.ro\/ro\/wp-json\/wp\/v2\/product\/6384\/revisions\/5525287"}],"wp:featuredmedia":[{"embeddable":true,"href":"https:\/\/www.ccmboutique.ro\/ro\/wp-json\/wp\/v2\/media\/5528831"}],"wp:attachment":[{"href":"https:\/\/www.ccmboutique.ro\/ro\/wp-json\/wp\/v2\/media?parent=6384"}],"wp:term":[{"taxonomy":"product_cat","embeddable":true,"href":"https:\/\/www.ccmboutique.ro\/ro\/wp-json\/wp\/v2\/product_cat?post=6384"},{"taxonomy":"product_tag","embeddable":true,"href":"https:\/\/www.ccmboutique.ro\/ro\/wp-json\/wp\/v2\/product_tag?post=6384"}],"curies":[{"name":"wp","href":"https:\/\/api.w.org\/{rel}","templated":true}]}}