{"id":6362,"date":"2022-02-22T23:31:05","date_gmt":"2022-02-22T21:31:05","guid":{"rendered":"https:\/\/www.ccmboutique.ro\/?post_type=product&#038;p=6362"},"modified":"2024-02-20T15:45:34","modified_gmt":"2024-02-20T13:45:34","slug":"chandra-alcantara-pur-coat","status":"publish","type":"product","link":"https:\/\/www.ccmboutique.ro\/ro\/shop\/chandra-alcantara-pur-coat\/","title":{"rendered":"Haina Alcantara CHANDRA"},"content":{"rendered":"","protected":false},"excerpt":{"rendered":"<p class=\"p1\">O hain\u0103 rafinat\u0103, conceput\u0103 pentru a te face s\u0103 ar\u0103\u021bi fermec\u0103toare \u0219i elegant\u0103 la fiecare pas pe care \u00eel faci.<\/p>\n<p class=\"p1\">Pentru m\u0103suri personalizate, putem lucra pe baz\u0103 de comand\u0103.<\/p>\n<p class=\"p1\">Pentru orice informa\u021bii suplimentare, v\u0103 st\u0103m la dispozi\u021bie <span class=\"s1\">\ud83d\udcde 0040766914884<\/span> 0040766914884<span class=\"Apple-converted-space\">  <\/span>\/<span class=\"Apple-converted-space\">  <\/span>0040766914901<\/p>\n","protected":false},"featured_media":5529015,"comment_status":"closed","ping_status":"closed","template":"","meta":[],"product_cat":[444,450],"product_tag":[],"class_list":["post-6362","product","type-product","status-publish","has-post-thumbnail","hentry","product_cat-femei-2","product_cat-haine-din-alcantara-2"],"acf":[],"_links":{"self":[{"href":"https:\/\/www.ccmboutique.ro\/ro\/wp-json\/wp\/v2\/product\/6362","targetHints":{"allow":["GET"]}}],"collection":[{"href":"https:\/\/www.ccmboutique.ro\/ro\/wp-json\/wp\/v2\/product"}],"about":[{"href":"https:\/\/www.ccmboutique.ro\/ro\/wp-json\/wp\/v2\/types\/product"}],"replies":[{"embeddable":true,"href":"https:\/\/www.ccmboutique.ro\/ro\/wp-json\/wp\/v2\/comments?post=6362"}],"version-history":[{"count":1,"href":"https:\/\/www.ccmboutique.ro\/ro\/wp-json\/wp\/v2\/product\/6362\/revisions"}],"predecessor-version":[{"id":5525276,"href":"https:\/\/www.ccmboutique.ro\/ro\/wp-json\/wp\/v2\/product\/6362\/revisions\/5525276"}],"wp:featuredmedia":[{"embeddable":true,"href":"https:\/\/www.ccmboutique.ro\/ro\/wp-json\/wp\/v2\/media\/5529015"}],"wp:attachment":[{"href":"https:\/\/www.ccmboutique.ro\/ro\/wp-json\/wp\/v2\/media?parent=6362"}],"wp:term":[{"taxonomy":"product_cat","embeddable":true,"href":"https:\/\/www.ccmboutique.ro\/ro\/wp-json\/wp\/v2\/product_cat?post=6362"},{"taxonomy":"product_tag","embeddable":true,"href":"https:\/\/www.ccmboutique.ro\/ro\/wp-json\/wp\/v2\/product_tag?post=6362"}],"curies":[{"name":"wp","href":"https:\/\/api.w.org\/{rel}","templated":true}]}}