{"id":6357,"date":"2022-02-27T22:59:45","date_gmt":"2022-02-27T20:59:45","guid":{"rendered":"https:\/\/www.ccmboutique.ro\/?post_type=product&#038;p=6357"},"modified":"2024-02-20T15:45:24","modified_gmt":"2024-02-20T13:45:24","slug":"jacheta-de-piele-si-blana-yoselin","status":"publish","type":"product","link":"https:\/\/www.ccmboutique.ro\/ro\/shop\/jacheta-de-piele-si-blana-yoselin\/","title":{"rendered":"Jachet\u0103 YOSELIN"},"content":{"rendered":"","protected":false},"excerpt":{"rendered":"<p>Iube\u0219te-te mai \u00eent\u00e2i pe tine \u00eensu\u021bi.<\/p>\n<p class=\"p1\">Modelele din colec\u021bia de piele pentru femei CCM Boutique aduc o senza\u021bie de lux \u00een \u021binutele tale de zi cu zi.<\/p>\n<p class=\"p1\">Colec\u021bii atemporale realizate din materiale luxoase.<\/p>\n<p>\u00cembr\u0103c\u0103minte de lux.<\/p>\n<p class=\"p1\">V\u0103 pute\u021bi bucura de un serviciu privilegiat de croitorie individual\u0103.<\/p>\n<p class=\"p1\">Jachetele vor fi fabricate exclusiv pentru dumneavoastr\u0103: de la modelul potrivit pentru silueta dumneavoastr\u0103 p\u00e2n\u0103 la tonul \u0219i textura.<\/p>\n<p class=\"p1\">Un produs exclusivist va flata silueta \u0219i va reflecta stilul t\u0103u.<\/p>\n<p class=\"p1\">Pentru un serviciu de comand\u0103 personalizat \u0219i mai multe detalii ne pute\u021bi contacta la numerele de telefon 0040766914884 \/ 0040766914901 \u0219i ve\u021bi avea produse care vor fi realizate cu meticulozitate pentru dumneavoastr\u0103.<\/p>\n","protected":false},"featured_media":5529263,"comment_status":"closed","ping_status":"closed","template":"","meta":[],"product_cat":[444,453],"product_tag":[],"class_list":["post-6357","product","type-product","status-publish","has-post-thumbnail","hentry","product_cat-femei-2","product_cat-jachete-din-piele-naturala"],"acf":[],"_links":{"self":[{"href":"https:\/\/www.ccmboutique.ro\/ro\/wp-json\/wp\/v2\/product\/6357","targetHints":{"allow":["GET"]}}],"collection":[{"href":"https:\/\/www.ccmboutique.ro\/ro\/wp-json\/wp\/v2\/product"}],"about":[{"href":"https:\/\/www.ccmboutique.ro\/ro\/wp-json\/wp\/v2\/types\/product"}],"replies":[{"embeddable":true,"href":"https:\/\/www.ccmboutique.ro\/ro\/wp-json\/wp\/v2\/comments?post=6357"}],"version-history":[{"count":1,"href":"https:\/\/www.ccmboutique.ro\/ro\/wp-json\/wp\/v2\/product\/6357\/revisions"}],"predecessor-version":[{"id":5525272,"href":"https:\/\/www.ccmboutique.ro\/ro\/wp-json\/wp\/v2\/product\/6357\/revisions\/5525272"}],"wp:featuredmedia":[{"embeddable":true,"href":"https:\/\/www.ccmboutique.ro\/ro\/wp-json\/wp\/v2\/media\/5529263"}],"wp:attachment":[{"href":"https:\/\/www.ccmboutique.ro\/ro\/wp-json\/wp\/v2\/media?parent=6357"}],"wp:term":[{"taxonomy":"product_cat","embeddable":true,"href":"https:\/\/www.ccmboutique.ro\/ro\/wp-json\/wp\/v2\/product_cat?post=6357"},{"taxonomy":"product_tag","embeddable":true,"href":"https:\/\/www.ccmboutique.ro\/ro\/wp-json\/wp\/v2\/product_tag?post=6357"}],"curies":[{"name":"wp","href":"https:\/\/api.w.org\/{rel}","templated":true}]}}