{"id":6348,"date":"2022-02-21T23:50:51","date_gmt":"2022-02-21T21:50:51","guid":{"rendered":"https:\/\/www.ccmboutique.ro\/?post_type=product&#038;p=6348"},"modified":"2024-02-20T15:45:20","modified_gmt":"2024-02-20T13:45:20","slug":"dominika-jacheta-piele","status":"publish","type":"product","link":"https:\/\/www.ccmboutique.ro\/ro\/shop\/dominika-jacheta-piele\/","title":{"rendered":"Jacheta DOMINIKA"},"content":{"rendered":"","protected":false},"excerpt":{"rendered":"<p>Folosim piele natural\u0103 100 %.<\/p>\n<p>Poate fi f\u0103cuta la comand\u0103 pe orice dimensiune.<\/p>\n<p>Detaliile conteaz\u0103, calitatea inainte de orice.<\/p>\n<p>Folosim doar materiale de cea mai bun\u0103 calitate , \u00eencerc\u00e2nd mereu s\u0103 cre\u0103m idei interesante pentru a v\u0103 face stilul unic.<\/p>\n<p>Pentru comenzi \u0219i mai multe detalii despre culori, pre\u021buri \u0219i alte modele personalizate pute\u021bi trimite un mesaj sau suna la 0040766914884 \/ 0040766914901.<\/p>\n","protected":false},"featured_media":5528942,"comment_status":"closed","ping_status":"closed","template":"","meta":[],"product_cat":[444,453],"product_tag":[],"class_list":["post-6348","product","type-product","status-publish","has-post-thumbnail","hentry","product_cat-femei-2","product_cat-jachete-din-piele-naturala"],"acf":[],"_links":{"self":[{"href":"https:\/\/www.ccmboutique.ro\/ro\/wp-json\/wp\/v2\/product\/6348","targetHints":{"allow":["GET"]}}],"collection":[{"href":"https:\/\/www.ccmboutique.ro\/ro\/wp-json\/wp\/v2\/product"}],"about":[{"href":"https:\/\/www.ccmboutique.ro\/ro\/wp-json\/wp\/v2\/types\/product"}],"replies":[{"embeddable":true,"href":"https:\/\/www.ccmboutique.ro\/ro\/wp-json\/wp\/v2\/comments?post=6348"}],"version-history":[{"count":1,"href":"https:\/\/www.ccmboutique.ro\/ro\/wp-json\/wp\/v2\/product\/6348\/revisions"}],"predecessor-version":[{"id":5525269,"href":"https:\/\/www.ccmboutique.ro\/ro\/wp-json\/wp\/v2\/product\/6348\/revisions\/5525269"}],"wp:featuredmedia":[{"embeddable":true,"href":"https:\/\/www.ccmboutique.ro\/ro\/wp-json\/wp\/v2\/media\/5528942"}],"wp:attachment":[{"href":"https:\/\/www.ccmboutique.ro\/ro\/wp-json\/wp\/v2\/media?parent=6348"}],"wp:term":[{"taxonomy":"product_cat","embeddable":true,"href":"https:\/\/www.ccmboutique.ro\/ro\/wp-json\/wp\/v2\/product_cat?post=6348"},{"taxonomy":"product_tag","embeddable":true,"href":"https:\/\/www.ccmboutique.ro\/ro\/wp-json\/wp\/v2\/product_tag?post=6348"}],"curies":[{"name":"wp","href":"https:\/\/api.w.org\/{rel}","templated":true}]}}