{"id":6340,"date":"2022-02-28T00:01:13","date_gmt":"2022-02-27T22:01:13","guid":{"rendered":"https:\/\/www.ccmboutique.ro\/?post_type=product&#038;p=6340"},"modified":"2024-02-20T15:45:15","modified_gmt":"2024-02-20T13:45:15","slug":"jacheta-de-piele-si-blana","status":"publish","type":"product","link":"https:\/\/www.ccmboutique.ro\/ro\/shop\/jacheta-de-piele-si-blana\/","title":{"rendered":"Jachet\u0103 SHAYE"},"content":{"rendered":"<p class=\"p1\">Colec\u021bia de piele pentru femei CCM Boutique creeaz\u0103 cele mai importante produse de investi\u021bie pe care le ve\u021bi face pentru garderoba dvs., cu durata de via\u021b\u0103 lung\u0103 \u0219i pozi\u021bia atemporal\u0103, \u0219i va aduce o senza\u021bie de lux \u021binutelor dvs. de zi cu zi.<\/p>\n<p class=\"p1\">Fabricat din piele de cea mai bun\u0103 calitate, va face ca orice zi \u00een care \u00eel ve\u021bi purta s\u0103 fie foarte special\u0103.<\/p>\n<p class=\"p1\">Calitatea este \u00eens\u0103\u0219i esen\u021ba unei jachete CCM Boutique<span class=\"Apple-converted-space\">  <\/span>.<\/p>\n<p class=\"p1\">Siluetele din colec\u021bia de piele pentru femei CCM Boutique aduc o senza\u021bie de lux \u00een \u021binutele tale de zi cu zi.<\/p>\n<p class=\"p1\">Colec\u021bii atemporale realizate din materiale luxoase.<\/p>\n<p class=\"p1\">V\u0103 pute\u021bi bucura de un serviciu privilegiat de croitorie individual\u0103.<\/p>\n<p class=\"p1\">Jachetele vor fi fabricate exclusiv pentru dumneavoastr\u0103: de la modelul potrivit pentru silueta dumneavoastr\u0103 p\u00e2n\u0103 la tonul \u0219i textura.<\/p>\n<p class=\"p1\">Un produs exclusivist va flata silueta \u0219i va reflecta stilul t\u0103u.<\/p>\n<p class=\"p1\">Pentru un serviciu de comand\u0103 personalizat \u0219i mai multe detalii ne pute\u021bi contacta la numerele de telefon 0040766914884 \/ 0040766914901 \u0219i ve\u021bi avea produse care vor fi realizate cu minu\u021biozitate pentru dvs.<\/p>\n","protected":false},"excerpt":{"rendered":"<p>Ob\u021bine\u021bi aspectul suprem de piele de la #ccmboutique<\/p>\n<p>Folosim piele si blana 100% naturala.<\/p>\n<p>Se poate realiza la comanda pe orice marime.<\/p>\n<p>Detaliile conteaz\u0103, calitatea inainte de orice.<\/p>\n<p>Folosim doar materiale \u0219i accesorii de cea mai \u00eenalt\u0103 calitate, \u00eencerc\u00e2nd mereu s\u0103 cre\u0103m idei interesante pentru a face stilul t\u0103u unic.<\/p>\n<p>Pentru comenzi si mai multe detalii despre culori , preturi si alte modele personalizate puteti scrie sau suna la 0040766914884 \/ 0040766914901.<\/p>\n","protected":false},"featured_media":5529302,"comment_status":"closed","ping_status":"closed","template":"","meta":[],"product_cat":[444,453],"product_tag":[],"class_list":["post-6340","product","type-product","status-publish","has-post-thumbnail","hentry","product_cat-femei-2","product_cat-jachete-din-piele-naturala"],"acf":[],"_links":{"self":[{"href":"https:\/\/www.ccmboutique.ro\/ro\/wp-json\/wp\/v2\/product\/6340","targetHints":{"allow":["GET"]}}],"collection":[{"href":"https:\/\/www.ccmboutique.ro\/ro\/wp-json\/wp\/v2\/product"}],"about":[{"href":"https:\/\/www.ccmboutique.ro\/ro\/wp-json\/wp\/v2\/types\/product"}],"replies":[{"embeddable":true,"href":"https:\/\/www.ccmboutique.ro\/ro\/wp-json\/wp\/v2\/comments?post=6340"}],"version-history":[{"count":1,"href":"https:\/\/www.ccmboutique.ro\/ro\/wp-json\/wp\/v2\/product\/6340\/revisions"}],"predecessor-version":[{"id":5525265,"href":"https:\/\/www.ccmboutique.ro\/ro\/wp-json\/wp\/v2\/product\/6340\/revisions\/5525265"}],"wp:featuredmedia":[{"embeddable":true,"href":"https:\/\/www.ccmboutique.ro\/ro\/wp-json\/wp\/v2\/media\/5529302"}],"wp:attachment":[{"href":"https:\/\/www.ccmboutique.ro\/ro\/wp-json\/wp\/v2\/media?parent=6340"}],"wp:term":[{"taxonomy":"product_cat","embeddable":true,"href":"https:\/\/www.ccmboutique.ro\/ro\/wp-json\/wp\/v2\/product_cat?post=6340"},{"taxonomy":"product_tag","embeddable":true,"href":"https:\/\/www.ccmboutique.ro\/ro\/wp-json\/wp\/v2\/product_tag?post=6340"}],"curies":[{"name":"wp","href":"https:\/\/api.w.org\/{rel}","templated":true}]}}