{"id":6335,"date":"2022-02-27T22:49:00","date_gmt":"2022-02-27T20:49:00","guid":{"rendered":"https:\/\/www.ccmboutique.ro\/?post_type=product&#038;p=6335"},"modified":"2024-02-20T15:45:12","modified_gmt":"2024-02-20T13:45:12","slug":"yaara-jacheta-piele","status":"publish","type":"product","link":"https:\/\/www.ccmboutique.ro\/ro\/shop\/yaara-jacheta-piele\/","title":{"rendered":"Jacheta YAARA"},"content":{"rendered":"","protected":false},"excerpt":{"rendered":"<p>Jachet\u0103 luxoas\u0103 din piele neagr\u0103, accesorizat\u0103 cu un guler de blan\u0103 deta\u0219abil.<\/p>\n<p>De ce ar trebui s\u0103 te mul\u021bume\u0219ti cu unul c\u00e2nd po\u021bi avea dou\u0103? Achizi\u021biona\u021bi-v\u0103 jacheta dou\u0103 \u00eentr-una singur\u0103, \u00een culoarea cerut\u0103.<\/p>\n<p>Se poate realiza la comanda pe orice marime.<\/p>\n<p>Detaliile conteaz\u0103, calitatea inainte de orice.<\/p>\n<p>Folosim doar materiale \u0219i accesorii de cea mai \u00eenalt\u0103 calitate, \u00eencerc\u00e2nd mereu s\u0103 cre\u0103m idei interesante pentru a face stilul t\u0103u unic.<\/p>\n<p>Pentru comenzi si mai multe detalii despre culori , preturi si alte modele personalizate puteti scrie sau suna la 0040766914884 \/ 0040766914901.<\/p>\n","protected":false},"featured_media":5529248,"comment_status":"closed","ping_status":"closed","template":"","meta":[],"product_cat":[444,453],"product_tag":[],"class_list":["post-6335","product","type-product","status-publish","has-post-thumbnail","hentry","product_cat-femei-2","product_cat-jachete-din-piele-naturala"],"acf":[],"_links":{"self":[{"href":"https:\/\/www.ccmboutique.ro\/ro\/wp-json\/wp\/v2\/product\/6335","targetHints":{"allow":["GET"]}}],"collection":[{"href":"https:\/\/www.ccmboutique.ro\/ro\/wp-json\/wp\/v2\/product"}],"about":[{"href":"https:\/\/www.ccmboutique.ro\/ro\/wp-json\/wp\/v2\/types\/product"}],"replies":[{"embeddable":true,"href":"https:\/\/www.ccmboutique.ro\/ro\/wp-json\/wp\/v2\/comments?post=6335"}],"version-history":[{"count":1,"href":"https:\/\/www.ccmboutique.ro\/ro\/wp-json\/wp\/v2\/product\/6335\/revisions"}],"predecessor-version":[{"id":5525262,"href":"https:\/\/www.ccmboutique.ro\/ro\/wp-json\/wp\/v2\/product\/6335\/revisions\/5525262"}],"wp:featuredmedia":[{"embeddable":true,"href":"https:\/\/www.ccmboutique.ro\/ro\/wp-json\/wp\/v2\/media\/5529248"}],"wp:attachment":[{"href":"https:\/\/www.ccmboutique.ro\/ro\/wp-json\/wp\/v2\/media?parent=6335"}],"wp:term":[{"taxonomy":"product_cat","embeddable":true,"href":"https:\/\/www.ccmboutique.ro\/ro\/wp-json\/wp\/v2\/product_cat?post=6335"},{"taxonomy":"product_tag","embeddable":true,"href":"https:\/\/www.ccmboutique.ro\/ro\/wp-json\/wp\/v2\/product_tag?post=6335"}],"curies":[{"name":"wp","href":"https:\/\/api.w.org\/{rel}","templated":true}]}}