{"id":6333,"date":"2022-02-22T23:57:07","date_gmt":"2022-02-22T21:57:07","guid":{"rendered":"https:\/\/www.ccmboutique.ro\/?post_type=product&#038;p=6333"},"modified":"2024-10-28T19:09:42","modified_gmt":"2024-10-28T17:09:42","slug":"ambrosine-alba-haina","status":"publish","type":"product","link":"https:\/\/www.ccmboutique.ro\/ro\/shop\/ambrosine-alba-haina\/","title":{"rendered":"Haina Alcantara AMBROSINE White"},"content":{"rendered":"","protected":false},"excerpt":{"rendered":"<p class=\"tw-data-text tw-text-large tw-ta\" dir=\"ltr\" data-placeholder=\"Traducere\" data-ved=\"2ahUKEwj038_Z8rCJAxVt8bsIHaFcLj0Q3ewLegQIChAU\" aria-label=\"Text tradus: Elegance with attitude \u2013 this Alcantara coat, accessorized with mink fur and python leather inserts, is a statement of bold sophistication. Each texture tells a story of sophistication, created to stand out in any context. Are you ready to redefine luxury?\"><span class=\"Y2IQFc\" lang=\"en\">Elegan\u021b\u0103 cu atitudine &#8211; aceast\u0103 hain\u0103 alcantara.<\/span><\/p>\n<p id=\"tw-target-text\" class=\"tw-data-text tw-text-large tw-ta\" dir=\"ltr\" data-placeholder=\"Traducere\" data-ved=\"2ahUKEwj038_Z8rCJAxVt8bsIHaFcLj0Q3ewLegQIChAU\" aria-label=\"Text tradus: Elegance with attitude \u2013 this Alcantara coat, accessorized with mink fur and python leather inserts, is a statement of bold sophistication. Each texture tells a story of sophistication, created to stand out in any context. Are you ready to redefine luxury?\"><span class=\"Y2IQFc\" lang=\"en\">Fiecare textur\u0103 spune o poveste de rafinament, creat\u0103 pentru a ie\u0219i \u00een eviden\u021b\u0103 \u00een orice context. <\/span><\/p>\n<p class=\"tw-data-text tw-text-large tw-ta\" dir=\"ltr\" data-placeholder=\"Traducere\" data-ved=\"2ahUKEwj038_Z8rCJAxVt8bsIHaFcLj0Q3ewLegQIChAU\" aria-label=\"Text tradus: Elegance with attitude \u2013 this Alcantara coat, accessorized with mink fur and python leather inserts, is a statement of bold sophistication. Each texture tells a story of sophistication, created to stand out in any context. Are you ready to redefine luxury?\"><span class=\"Y2IQFc\" lang=\"en\">Sunte\u021bi gata s\u0103 redefini\u021bi luxul?<\/span><\/p>\n<p>Elegan\u021b\u0103 \u0219i farmec.<\/p>\n<p>Poate fi f\u0103cuta la comand\u0103 pe orice dimensiune.<\/p>\n<p>Detaliile conteaz\u0103, calitatea inainte de orice.<\/p>\n<p>Folosim numai materiale de cea mai bun\u0103 calitate, \u00eencerc\u00e2nd mereu s\u0103 cre\u0103m idei interesante pentru a v\u0103 face stilul unic.<\/p>\n<p>Pentru comenzi \u0219i mai multe detalii despre culori , pre\u021buri \u0219i alte modele personalizate pute\u021bi trimite un mesaj sau suna la 0040766914884.<\/p>\n<p class=\"p1\">\n","protected":false},"featured_media":5529048,"comment_status":"closed","ping_status":"closed","template":"","meta":[],"product_cat":[444,450],"product_tag":[],"class_list":["post-6333","product","type-product","status-publish","has-post-thumbnail","hentry","product_cat-femei-2","product_cat-haine-din-alcantara-2"],"acf":[],"_links":{"self":[{"href":"https:\/\/www.ccmboutique.ro\/ro\/wp-json\/wp\/v2\/product\/6333","targetHints":{"allow":["GET"]}}],"collection":[{"href":"https:\/\/www.ccmboutique.ro\/ro\/wp-json\/wp\/v2\/product"}],"about":[{"href":"https:\/\/www.ccmboutique.ro\/ro\/wp-json\/wp\/v2\/types\/product"}],"replies":[{"embeddable":true,"href":"https:\/\/www.ccmboutique.ro\/ro\/wp-json\/wp\/v2\/comments?post=6333"}],"version-history":[{"count":4,"href":"https:\/\/www.ccmboutique.ro\/ro\/wp-json\/wp\/v2\/product\/6333\/revisions"}],"predecessor-version":[{"id":5539659,"href":"https:\/\/www.ccmboutique.ro\/ro\/wp-json\/wp\/v2\/product\/6333\/revisions\/5539659"}],"wp:featuredmedia":[{"embeddable":true,"href":"https:\/\/www.ccmboutique.ro\/ro\/wp-json\/wp\/v2\/media\/5529048"}],"wp:attachment":[{"href":"https:\/\/www.ccmboutique.ro\/ro\/wp-json\/wp\/v2\/media?parent=6333"}],"wp:term":[{"taxonomy":"product_cat","embeddable":true,"href":"https:\/\/www.ccmboutique.ro\/ro\/wp-json\/wp\/v2\/product_cat?post=6333"},{"taxonomy":"product_tag","embeddable":true,"href":"https:\/\/www.ccmboutique.ro\/ro\/wp-json\/wp\/v2\/product_tag?post=6333"}],"curies":[{"name":"wp","href":"https:\/\/api.w.org\/{rel}","templated":true}]}}