{"id":6317,"date":"2022-02-26T10:57:42","date_gmt":"2022-02-26T08:57:42","guid":{"rendered":"https:\/\/www.ccmboutique.ro\/?post_type=product&#038;p=6317"},"modified":"2024-02-20T15:44:57","modified_gmt":"2024-02-20T13:44:57","slug":"lalita-jacheta-de-piele-neagra","status":"publish","type":"product","link":"https:\/\/www.ccmboutique.ro\/ro\/shop\/lalita-jacheta-de-piele-neagra\/","title":{"rendered":"Jacheta LALITA"},"content":{"rendered":"","protected":false},"excerpt":{"rendered":"<p>De ce ar trebui s\u0103 te mul\u021bume\u0219ti cu una c\u00e2nd po\u021bi avea mai multe ?<\/p>\n<p>Achizi\u021biona\u021bi cele trei straturi \u00eentr-un singur strat \u00een culoarea dorit\u0103.<\/p>\n<p>100 % piele \u0219i blan\u0103 natural\u0103.<\/p>\n<p>Poate fi f\u0103cut la comand\u0103 pe orice dimensiune \u0219i multe culori.<\/p>\n<p>Detaliile conteaz\u0103, calitatea inainte de orice.<\/p>\n<p>Pentru comenzi \u0219i mai multe detalii despre culori, pre\u021buri \u0219i alte modele personalizate pute\u021bi trimite un mesaj sau suna la 0040766914884 \/ 0040766914901.<\/p>\n","protected":false},"featured_media":5529119,"comment_status":"closed","ping_status":"closed","template":"","meta":[],"product_cat":[444,453],"product_tag":[],"class_list":["post-6317","product","type-product","status-publish","has-post-thumbnail","hentry","product_cat-femei-2","product_cat-jachete-din-piele-naturala"],"acf":[],"_links":{"self":[{"href":"https:\/\/www.ccmboutique.ro\/ro\/wp-json\/wp\/v2\/product\/6317","targetHints":{"allow":["GET"]}}],"collection":[{"href":"https:\/\/www.ccmboutique.ro\/ro\/wp-json\/wp\/v2\/product"}],"about":[{"href":"https:\/\/www.ccmboutique.ro\/ro\/wp-json\/wp\/v2\/types\/product"}],"replies":[{"embeddable":true,"href":"https:\/\/www.ccmboutique.ro\/ro\/wp-json\/wp\/v2\/comments?post=6317"}],"version-history":[{"count":1,"href":"https:\/\/www.ccmboutique.ro\/ro\/wp-json\/wp\/v2\/product\/6317\/revisions"}],"predecessor-version":[{"id":5525254,"href":"https:\/\/www.ccmboutique.ro\/ro\/wp-json\/wp\/v2\/product\/6317\/revisions\/5525254"}],"wp:featuredmedia":[{"embeddable":true,"href":"https:\/\/www.ccmboutique.ro\/ro\/wp-json\/wp\/v2\/media\/5529119"}],"wp:attachment":[{"href":"https:\/\/www.ccmboutique.ro\/ro\/wp-json\/wp\/v2\/media?parent=6317"}],"wp:term":[{"taxonomy":"product_cat","embeddable":true,"href":"https:\/\/www.ccmboutique.ro\/ro\/wp-json\/wp\/v2\/product_cat?post=6317"},{"taxonomy":"product_tag","embeddable":true,"href":"https:\/\/www.ccmboutique.ro\/ro\/wp-json\/wp\/v2\/product_tag?post=6317"}],"curies":[{"name":"wp","href":"https:\/\/api.w.org\/{rel}","templated":true}]}}