{"id":6309,"date":"2022-02-08T00:35:42","date_gmt":"2022-02-07T22:35:42","guid":{"rendered":"https:\/\/www.ccmboutique.ro\/?post_type=product&#038;p=6309"},"modified":"2024-02-20T15:44:52","modified_gmt":"2024-02-20T13:44:52","slug":"jacheta-de-piele-kimberley-papagal-unt-crema","status":"publish","type":"product","link":"https:\/\/www.ccmboutique.ro\/ro\/shop\/jacheta-de-piele-kimberley-papagal-unt-crema\/","title":{"rendered":"Jacheta KIMBERLEY Parrot"},"content":{"rendered":"","protected":false},"excerpt":{"rendered":"<p class=\"p1\">Nu vei trece neobservat\u0103 cu aceast\u0103 superb\u0103 jachet\u0103 din piele natural\u0103.<\/p>\n<p class=\"p1\">Elegan\u021b\u0103 \u0219i clas\u0103 la cel mai inalt nivel.<\/p>\n<p class=\"p1\">Fabricata din materiale premium de cea mai bun\u0103 calitate.<\/p>\n<p class=\"p1\">Handmade.<\/p>\n<p class=\"p1\">Putem face acest model la comand\u0103 \u00een mai multe culori, orice dimensiune \u0219i diferite lungimi.<\/p>\n<p class=\"p1\">Pentru m\u0103suri personalizate, putem lucra pe baz\u0103 de comand\u0103.<\/p>\n<p class=\"p1\">Pentru orice informa\u021bii suplimentare, v\u0103 st\u0103m la dispozi\u021bie <span class=\"s1\">\ud83d\udcde 0040766914884<\/span> 0040766914884<span class=\"Apple-converted-space\">  <\/span>\/<span class=\"Apple-converted-space\">  <\/span>0040766914901<\/p>\n<p>&nbsp;<\/p>\n","protected":false},"featured_media":5528809,"comment_status":"closed","ping_status":"closed","template":"","meta":[],"product_cat":[444,453],"product_tag":[],"class_list":["post-6309","product","type-product","status-publish","has-post-thumbnail","hentry","product_cat-femei-2","product_cat-jachete-din-piele-naturala"],"acf":[],"_links":{"self":[{"href":"https:\/\/www.ccmboutique.ro\/ro\/wp-json\/wp\/v2\/product\/6309","targetHints":{"allow":["GET"]}}],"collection":[{"href":"https:\/\/www.ccmboutique.ro\/ro\/wp-json\/wp\/v2\/product"}],"about":[{"href":"https:\/\/www.ccmboutique.ro\/ro\/wp-json\/wp\/v2\/types\/product"}],"replies":[{"embeddable":true,"href":"https:\/\/www.ccmboutique.ro\/ro\/wp-json\/wp\/v2\/comments?post=6309"}],"version-history":[{"count":1,"href":"https:\/\/www.ccmboutique.ro\/ro\/wp-json\/wp\/v2\/product\/6309\/revisions"}],"predecessor-version":[{"id":5525249,"href":"https:\/\/www.ccmboutique.ro\/ro\/wp-json\/wp\/v2\/product\/6309\/revisions\/5525249"}],"wp:featuredmedia":[{"embeddable":true,"href":"https:\/\/www.ccmboutique.ro\/ro\/wp-json\/wp\/v2\/media\/5528809"}],"wp:attachment":[{"href":"https:\/\/www.ccmboutique.ro\/ro\/wp-json\/wp\/v2\/media?parent=6309"}],"wp:term":[{"taxonomy":"product_cat","embeddable":true,"href":"https:\/\/www.ccmboutique.ro\/ro\/wp-json\/wp\/v2\/product_cat?post=6309"},{"taxonomy":"product_tag","embeddable":true,"href":"https:\/\/www.ccmboutique.ro\/ro\/wp-json\/wp\/v2\/product_tag?post=6309"}],"curies":[{"name":"wp","href":"https:\/\/api.w.org\/{rel}","templated":true}]}}