{"id":6308,"date":"2022-02-22T23:46:34","date_gmt":"2022-02-22T21:46:34","guid":{"rendered":"https:\/\/www.ccmboutique.ro\/?post_type=product&#038;p=6308"},"modified":"2024-10-28T18:54:50","modified_gmt":"2024-10-28T16:54:50","slug":"ambrosine-neagra-blana","status":"publish","type":"product","link":"https:\/\/www.ccmboutique.ro\/ro\/shop\/ambrosine-neagra-blana\/","title":{"rendered":"Haina Alcantara AMBROSINE Black"},"content":{"rendered":"","protected":false},"excerpt":{"rendered":"<p>O superba hain\u0103 de blana neagr\u0103 alcantara.<\/p>\n<p>Poate fi realizat\u0103 la comand\u0103 pe orice dimensiune.<\/p>\n<p>Detaliile conteaz\u0103 , calitatea mai presus de orice.<\/p>\n<p>Folosim doar materiale de cea mai \u00eenalt\u0103 calitate ,\u00eencerc\u00e2nd mereu s\u0103 cre\u0103m idei interesante pentru a v\u0103 face stilul unic.<\/p>\n<p>Pentru comenzi \u0219i mai multe detalii despre culori , pre\u021buri \u0219i alte modele personalizate pute\u021bi trimite un mesaj sau suna la 0040766914884 \/ 0040766914901<\/p>\n","protected":false},"featured_media":5539626,"comment_status":"closed","ping_status":"closed","template":"","meta":[],"product_cat":[444,450],"product_tag":[],"class_list":["post-6308","product","type-product","status-publish","has-post-thumbnail","hentry","product_cat-femei-2","product_cat-haine-din-alcantara-2"],"acf":[],"_links":{"self":[{"href":"https:\/\/www.ccmboutique.ro\/ro\/wp-json\/wp\/v2\/product\/6308","targetHints":{"allow":["GET"]}}],"collection":[{"href":"https:\/\/www.ccmboutique.ro\/ro\/wp-json\/wp\/v2\/product"}],"about":[{"href":"https:\/\/www.ccmboutique.ro\/ro\/wp-json\/wp\/v2\/types\/product"}],"replies":[{"embeddable":true,"href":"https:\/\/www.ccmboutique.ro\/ro\/wp-json\/wp\/v2\/comments?post=6308"}],"version-history":[{"count":2,"href":"https:\/\/www.ccmboutique.ro\/ro\/wp-json\/wp\/v2\/product\/6308\/revisions"}],"predecessor-version":[{"id":5539653,"href":"https:\/\/www.ccmboutique.ro\/ro\/wp-json\/wp\/v2\/product\/6308\/revisions\/5539653"}],"wp:featuredmedia":[{"embeddable":true,"href":"https:\/\/www.ccmboutique.ro\/ro\/wp-json\/wp\/v2\/media\/5539626"}],"wp:attachment":[{"href":"https:\/\/www.ccmboutique.ro\/ro\/wp-json\/wp\/v2\/media?parent=6308"}],"wp:term":[{"taxonomy":"product_cat","embeddable":true,"href":"https:\/\/www.ccmboutique.ro\/ro\/wp-json\/wp\/v2\/product_cat?post=6308"},{"taxonomy":"product_tag","embeddable":true,"href":"https:\/\/www.ccmboutique.ro\/ro\/wp-json\/wp\/v2\/product_tag?post=6308"}],"curies":[{"name":"wp","href":"https:\/\/api.w.org\/{rel}","templated":true}]}}