{"id":6306,"date":"2022-02-27T23:45:46","date_gmt":"2022-02-27T21:45:46","guid":{"rendered":"https:\/\/www.ccmboutique.ro\/?post_type=product&#038;p=6306"},"modified":"2024-02-20T15:44:49","modified_gmt":"2024-02-20T13:44:49","slug":"jacheta-kynthia-piele","status":"publish","type":"product","link":"https:\/\/www.ccmboutique.ro\/ro\/shop\/jacheta-kynthia-piele\/","title":{"rendered":"Jacheta KYNTHIA"},"content":{"rendered":"","protected":false},"excerpt":{"rendered":"<p>Jachet\u0103 din piele de lux, accesorizat\u0103 cu un guler superb din blan\u0103 deta\u0219abil.<\/p>\n<p>De ce ar trebui s\u0103 te mul\u021bume\u0219ti cu una c\u00e2nd po\u021bi avea dou\u0103? Achizi\u021biona\u021bi jacheta &#8220;doi \u00een unu&#8221; \u00een culoarea dorit\u0103.<\/p>\n<p>Poate fi f\u0103cut la comand\u0103 pe orice dimensiune.<\/p>\n<p>Detaliile conteaz\u0103, calitatea inainte de orice.<\/p>\n<p>Folosim numai materiale \u0219i accesorii de cea mai bun\u0103 calitate, \u00eencerc\u00e2nd mereu s\u0103 cre\u0103m idei interesante pentru a v\u0103 face stilul unic.<\/p>\n<p>Pentru comenzi si mai multe detalii despre culori , preturi si alte modele personalizate puteti scrie sau suna la 0040766914884 \/ 0040766914901.<\/p>\n","protected":false},"featured_media":5529294,"comment_status":"closed","ping_status":"closed","template":"","meta":[],"product_cat":[444,453],"product_tag":[],"class_list":["post-6306","product","type-product","status-publish","has-post-thumbnail","hentry","product_cat-femei-2","product_cat-jachete-din-piele-naturala"],"acf":[],"_links":{"self":[{"href":"https:\/\/www.ccmboutique.ro\/ro\/wp-json\/wp\/v2\/product\/6306","targetHints":{"allow":["GET"]}}],"collection":[{"href":"https:\/\/www.ccmboutique.ro\/ro\/wp-json\/wp\/v2\/product"}],"about":[{"href":"https:\/\/www.ccmboutique.ro\/ro\/wp-json\/wp\/v2\/types\/product"}],"replies":[{"embeddable":true,"href":"https:\/\/www.ccmboutique.ro\/ro\/wp-json\/wp\/v2\/comments?post=6306"}],"version-history":[{"count":1,"href":"https:\/\/www.ccmboutique.ro\/ro\/wp-json\/wp\/v2\/product\/6306\/revisions"}],"predecessor-version":[{"id":5525246,"href":"https:\/\/www.ccmboutique.ro\/ro\/wp-json\/wp\/v2\/product\/6306\/revisions\/5525246"}],"wp:featuredmedia":[{"embeddable":true,"href":"https:\/\/www.ccmboutique.ro\/ro\/wp-json\/wp\/v2\/media\/5529294"}],"wp:attachment":[{"href":"https:\/\/www.ccmboutique.ro\/ro\/wp-json\/wp\/v2\/media?parent=6306"}],"wp:term":[{"taxonomy":"product_cat","embeddable":true,"href":"https:\/\/www.ccmboutique.ro\/ro\/wp-json\/wp\/v2\/product_cat?post=6306"},{"taxonomy":"product_tag","embeddable":true,"href":"https:\/\/www.ccmboutique.ro\/ro\/wp-json\/wp\/v2\/product_tag?post=6306"}],"curies":[{"name":"wp","href":"https:\/\/api.w.org\/{rel}","templated":true}]}}