{"id":6302,"date":"2022-02-07T23:04:23","date_gmt":"2022-02-07T21:04:23","guid":{"rendered":"https:\/\/www.ccmboutique.ro\/?post_type=product&#038;p=6302"},"modified":"2024-02-20T15:44:47","modified_gmt":"2024-02-20T13:44:47","slug":"kamilla-jacheta-alba-de-piele-cu-pietre-argintii","status":"publish","type":"product","link":"https:\/\/www.ccmboutique.ro\/ro\/shop\/kamilla-jacheta-alba-de-piele-cu-pietre-argintii\/","title":{"rendered":"Jacheta KAMILLA"},"content":{"rendered":"","protected":false},"excerpt":{"rendered":"<p class=\"p1\">Poate fi f\u0103cuta la comand\u0103 pe orice m\u0103sur\u0103, disponibila \u00een mai multe culori.<\/p>\n<p class=\"p1\">Croita cu un nivel ridicat de aten\u021bie la detalii.<\/p>\n<p class=\"p1\">Fiecare produs este realizat manual cu piele 100% natural\u0103.<\/p>\n<p class=\"p1\">Explora\u021bi num\u0103rul mare de produse \u0219i colec\u021bii de la CCM Boutique, g\u0103si\u021bi hainele de lux care vi se potrivesc cel mai bine pentru a fi mereu la mod\u0103.<\/p>\n<p class=\"p1\"><span class=\"Apple-converted-space\">Clien\u021bii no\u0219tri, care doresc s\u0103 beneficieze de servicii de comand\u0103 personalizate, ne pot contacta la 0040766914884 \/ 0040766914901\u0219i vor avea produse care vor fi realizate cu meticulozitate pentru ei.<\/span><\/p>\n","protected":false},"featured_media":5523864,"comment_status":"closed","ping_status":"closed","template":"","meta":[],"product_cat":[444,453],"product_tag":[],"class_list":["post-6302","product","type-product","status-publish","has-post-thumbnail","hentry","product_cat-femei-2","product_cat-jachete-din-piele-naturala"],"acf":[],"_links":{"self":[{"href":"https:\/\/www.ccmboutique.ro\/ro\/wp-json\/wp\/v2\/product\/6302","targetHints":{"allow":["GET"]}}],"collection":[{"href":"https:\/\/www.ccmboutique.ro\/ro\/wp-json\/wp\/v2\/product"}],"about":[{"href":"https:\/\/www.ccmboutique.ro\/ro\/wp-json\/wp\/v2\/types\/product"}],"replies":[{"embeddable":true,"href":"https:\/\/www.ccmboutique.ro\/ro\/wp-json\/wp\/v2\/comments?post=6302"}],"version-history":[{"count":1,"href":"https:\/\/www.ccmboutique.ro\/ro\/wp-json\/wp\/v2\/product\/6302\/revisions"}],"predecessor-version":[{"id":5525244,"href":"https:\/\/www.ccmboutique.ro\/ro\/wp-json\/wp\/v2\/product\/6302\/revisions\/5525244"}],"wp:featuredmedia":[{"embeddable":true,"href":"https:\/\/www.ccmboutique.ro\/ro\/wp-json\/wp\/v2\/media\/5523864"}],"wp:attachment":[{"href":"https:\/\/www.ccmboutique.ro\/ro\/wp-json\/wp\/v2\/media?parent=6302"}],"wp:term":[{"taxonomy":"product_cat","embeddable":true,"href":"https:\/\/www.ccmboutique.ro\/ro\/wp-json\/wp\/v2\/product_cat?post=6302"},{"taxonomy":"product_tag","embeddable":true,"href":"https:\/\/www.ccmboutique.ro\/ro\/wp-json\/wp\/v2\/product_tag?post=6302"}],"curies":[{"name":"wp","href":"https:\/\/api.w.org\/{rel}","templated":true}]}}