{"id":6301,"date":"2022-02-08T00:25:23","date_gmt":"2022-02-07T22:25:23","guid":{"rendered":"https:\/\/www.ccmboutique.ro\/?post_type=product&#038;p=6301"},"modified":"2024-02-27T13:09:08","modified_gmt":"2024-02-27T11:09:08","slug":"linda-jacheta-de-piele-neagra-accesorizata-cu-pietre-pretioase","status":"publish","type":"product","link":"https:\/\/www.ccmboutique.ro\/ro\/shop\/linda-jacheta-de-piele-neagra-accesorizata-cu-pietre-pretioase\/","title":{"rendered":"Jacheta LINDA"},"content":{"rendered":"","protected":false},"excerpt":{"rendered":"<p class=\"p1\">Fabricata din piele de cea mai bun\u0103 calitate, va face ca orice zi \u00een care o ve\u021bi purta s\u0103 fie foarte special\u0103.<\/p>\n<p class=\"p1\">Este croita cu un nivel ridicat de aten\u021bie la detalii.<\/p>\n<p class=\"p1\">Poate fi f\u0103cuta la comand\u0103 pe orice m\u0103sur\u0103, disponibila \u00een mai multe culori.<\/p>\n<p class=\"p1\">V\u0103 pute\u021bi bucura de un serviciu privilegiat de croitorie individual\u0103. Jachetele vor fi fabricate exclusiv pentru dumneavoastr\u0103: de la modelul potrivit pentru silueta dumneavoastr\u0103 p\u00e2n\u0103 la tonul \u0219i textura.<\/p>\n<p class=\"p1\">Un produs exclusivist va flata silueta \u0219i va reflecta stilul t\u0103u.<\/p>\n<p>Pentru comenzi \u0219i mai multe informa\u021bii, ne pute\u021bi contacta prin telefon la 0040766914884 0040766914901<\/p>\n","protected":false},"featured_media":5523946,"comment_status":"closed","ping_status":"closed","template":"","meta":[],"product_cat":[444,453],"product_tag":[],"class_list":["post-6301","product","type-product","status-publish","has-post-thumbnail","hentry","product_cat-femei-2","product_cat-jachete-din-piele-naturala"],"acf":[],"_links":{"self":[{"href":"https:\/\/www.ccmboutique.ro\/ro\/wp-json\/wp\/v2\/product\/6301","targetHints":{"allow":["GET"]}}],"collection":[{"href":"https:\/\/www.ccmboutique.ro\/ro\/wp-json\/wp\/v2\/product"}],"about":[{"href":"https:\/\/www.ccmboutique.ro\/ro\/wp-json\/wp\/v2\/types\/product"}],"replies":[{"embeddable":true,"href":"https:\/\/www.ccmboutique.ro\/ro\/wp-json\/wp\/v2\/comments?post=6301"}],"version-history":[{"count":2,"href":"https:\/\/www.ccmboutique.ro\/ro\/wp-json\/wp\/v2\/product\/6301\/revisions"}],"predecessor-version":[{"id":5535407,"href":"https:\/\/www.ccmboutique.ro\/ro\/wp-json\/wp\/v2\/product\/6301\/revisions\/5535407"}],"wp:featuredmedia":[{"embeddable":true,"href":"https:\/\/www.ccmboutique.ro\/ro\/wp-json\/wp\/v2\/media\/5523946"}],"wp:attachment":[{"href":"https:\/\/www.ccmboutique.ro\/ro\/wp-json\/wp\/v2\/media?parent=6301"}],"wp:term":[{"taxonomy":"product_cat","embeddable":true,"href":"https:\/\/www.ccmboutique.ro\/ro\/wp-json\/wp\/v2\/product_cat?post=6301"},{"taxonomy":"product_tag","embeddable":true,"href":"https:\/\/www.ccmboutique.ro\/ro\/wp-json\/wp\/v2\/product_tag?post=6301"}],"curies":[{"name":"wp","href":"https:\/\/api.w.org\/{rel}","templated":true}]}}