{"id":6294,"date":"2022-02-07T22:55:59","date_gmt":"2022-02-07T20:55:59","guid":{"rendered":"https:\/\/www.ccmboutique.ro\/?post_type=product&#038;p=6294"},"modified":"2024-02-20T15:44:44","modified_gmt":"2024-02-20T13:44:44","slug":"carola-jacheta-de-piele-neagra-cu-argintiu","status":"publish","type":"product","link":"https:\/\/www.ccmboutique.ro\/ro\/shop\/carola-jacheta-de-piele-neagra-cu-argintiu\/","title":{"rendered":"Jacheta CAROLA"},"content":{"rendered":"","protected":false},"excerpt":{"rendered":"<p class=\"p1\">Investe\u0219te \u00een aceast\u0103 pies\u0103 atemporal\u0103.<\/p>\n<p class=\"p1\">\u00cembr\u0103c\u0103minte din piele \u0219i accesorii confec\u021bionate \u00een atelierul nostru.<\/p>\n<p class=\"p1\">Fiecare produs este realizat manual cu piele 100% natural\u0103.<\/p>\n<p class=\"p1\">Pentru comenzi \u0219i mai multe detalii despre culori, pre\u021buri \u0219i alte modele personalizate pute\u021bi trimite un mesaj sau suna la 0040766914884 \/ 0040766914901.<\/p>\n","protected":false},"featured_media":5523847,"comment_status":"closed","ping_status":"closed","template":"","meta":[],"product_cat":[444,453],"product_tag":[],"class_list":["post-6294","product","type-product","status-publish","has-post-thumbnail","hentry","product_cat-femei-2","product_cat-jachete-din-piele-naturala"],"acf":[],"_links":{"self":[{"href":"https:\/\/www.ccmboutique.ro\/ro\/wp-json\/wp\/v2\/product\/6294","targetHints":{"allow":["GET"]}}],"collection":[{"href":"https:\/\/www.ccmboutique.ro\/ro\/wp-json\/wp\/v2\/product"}],"about":[{"href":"https:\/\/www.ccmboutique.ro\/ro\/wp-json\/wp\/v2\/types\/product"}],"replies":[{"embeddable":true,"href":"https:\/\/www.ccmboutique.ro\/ro\/wp-json\/wp\/v2\/comments?post=6294"}],"version-history":[{"count":1,"href":"https:\/\/www.ccmboutique.ro\/ro\/wp-json\/wp\/v2\/product\/6294\/revisions"}],"predecessor-version":[{"id":5525241,"href":"https:\/\/www.ccmboutique.ro\/ro\/wp-json\/wp\/v2\/product\/6294\/revisions\/5525241"}],"wp:featuredmedia":[{"embeddable":true,"href":"https:\/\/www.ccmboutique.ro\/ro\/wp-json\/wp\/v2\/media\/5523847"}],"wp:attachment":[{"href":"https:\/\/www.ccmboutique.ro\/ro\/wp-json\/wp\/v2\/media?parent=6294"}],"wp:term":[{"taxonomy":"product_cat","embeddable":true,"href":"https:\/\/www.ccmboutique.ro\/ro\/wp-json\/wp\/v2\/product_cat?post=6294"},{"taxonomy":"product_tag","embeddable":true,"href":"https:\/\/www.ccmboutique.ro\/ro\/wp-json\/wp\/v2\/product_tag?post=6294"}],"curies":[{"name":"wp","href":"https:\/\/api.w.org\/{rel}","templated":true}]}}